{"id":3340,"date":"2021-04-07T17:34:35","date_gmt":"2021-04-07T17:34:35","guid":{"rendered":"https:\/\/www.flaviagermano.com\/servizi\/psicoterapia\/"},"modified":"2021-08-20T10:20:24","modified_gmt":"2021-08-20T10:20:24","slug":"psychotherapie","status":"publish","type":"page","link":"https:\/\/flaviagermano.com\/de\/dienstleistungen\/psychotherapie\/","title":{"rendered":"Psychotherapie"},"content":{"rendered":"\t\t<div data-elementor-type=\"wp-page\" data-elementor-id=\"3340\" class=\"elementor elementor-3340 elementor-138\" data-elementor-post-type=\"page\">\n\t\t\t\t\t\t<section class=\"elementor-section elementor-top-section elementor-element elementor-element-6aab700f ct-section-stretched elementor-section-full_width elementor-section-height-default elementor-section-height-default\" data-id=\"6aab700f\" data-element_type=\"section\" data-settings=\"{&quot;background_background&quot;:&quot;slideshow&quot;,&quot;background_slideshow_gallery&quot;:[],&quot;background_slideshow_loop&quot;:&quot;yes&quot;,&quot;background_slideshow_slide_duration&quot;:5000,&quot;background_slideshow_slide_transition&quot;:&quot;fade&quot;,&quot;background_slideshow_transition_duration&quot;:500}\">\n\t\t\t\t\t\t\t<div class=\"elementor-background-overlay\"><\/div>\n\t\t\t\t\t\t\t<div class=\"elementor-container elementor-column-gap-no\">\n\t\t\t\t\t<div class=\"elementor-column elementor-col-100 elementor-top-column elementor-element elementor-element-fe291f3\" data-id=\"fe291f3\" data-element_type=\"column\" data-settings=\"{&quot;background_background&quot;:&quot;classic&quot;}\">\n\t\t\t<div class=\"elementor-widget-wrap elementor-element-populated\">\n\t\t\t\t\t\t<section class=\"elementor-section elementor-inner-section elementor-element elementor-element-4a120b76 elementor-section-height-min-height elementor-section-content-middle elementor-section-full_width elementor-section-height-default\" data-id=\"4a120b76\" data-element_type=\"section\" data-settings=\"{&quot;background_background&quot;:&quot;classic&quot;}\">\n\t\t\t\t\t\t<div class=\"elementor-container elementor-column-gap-no\">\n\t\t\t\t\t<div class=\"elementor-column elementor-col-100 elementor-inner-column elementor-element elementor-element-fa7fa84\" data-id=\"fa7fa84\" data-element_type=\"column\">\n\t\t\t<div class=\"elementor-widget-wrap\">\n\t\t\t\t\t\t\t<\/div>\n\t\t<\/div>\n\t\t\t\t\t<\/div>\n\t\t<\/section>\n\t\t\t\t<section class=\"elementor-section elementor-inner-section elementor-element elementor-element-805869e elementor-section-boxed elementor-section-height-default elementor-section-height-default\" data-id=\"805869e\" data-element_type=\"section\">\n\t\t\t\t\t\t<div class=\"elementor-container elementor-column-gap-default\">\n\t\t\t\t\t<div class=\"elementor-column elementor-col-100 elementor-inner-column elementor-element elementor-element-adfc1aa\" data-id=\"adfc1aa\" data-element_type=\"column\">\n\t\t\t<div class=\"elementor-widget-wrap elementor-element-populated\">\n\t\t\t\t\t\t<div class=\"elementor-element elementor-element-0177205 elementor-widget elementor-widget-heading\" data-id=\"0177205\" data-element_type=\"widget\" data-widget_type=\"heading.default\">\n\t\t\t\t<div class=\"elementor-widget-container\">\n\t\t\t\t\t<h2 class=\"elementor-heading-title elementor-size-default\">Du bist nicht allein!<\/h2>\t\t\t\t<\/div>\n\t\t\t\t<\/div>\n\t\t\t\t<div class=\"elementor-element elementor-element-6f9ec58 elementor-widget elementor-widget-heading\" data-id=\"6f9ec58\" data-element_type=\"widget\" data-widget_type=\"heading.default\">\n\t\t\t\t<div class=\"elementor-widget-container\">\n\t\t\t\t\t<h3 class=\"elementor-heading-title elementor-size-default\">PSYCHOTHERAPIE<\/h3>\t\t\t\t<\/div>\n\t\t\t\t<\/div>\n\t\t\t\t<div class=\"elementor-element elementor-element-ba3373e elementor-widget elementor-widget-text-editor\" data-id=\"ba3373e\" data-element_type=\"widget\" data-widget_type=\"text-editor.default\">\n\t\t\t\t<div class=\"elementor-widget-container\">\n\t\t\t\t\t\t\t\t\t<p><span style=\"font-size: inherit; text-align: inherit; color: var( --e-global-color-primary ); background-color: var( --e-global-color-6d08f61 ); font-style: var(--fontStyle, inherit); letter-spacing: var(--letterSpacing); text-transform: var(--textTransform);\">Es handelt sich um ein Behandlungssystem, das mit einer breiten Palette von Ans\u00e4tzen, Techniken und Strategien geplant ist, die dabei helfen, die klinischen Symptome psychischer Belastung zu reduzieren.<\/span><\/p>\t\t\t\t\t\t\t\t<\/div>\n\t\t\t\t<\/div>\n\t\t\t\t\t<\/div>\n\t\t<\/div>\n\t\t\t\t\t<\/div>\n\t\t<\/section>\n\t\t\t\t<section class=\"elementor-section elementor-inner-section elementor-element elementor-element-ab26626 elementor-section-boxed elementor-section-height-default elementor-section-height-default\" data-id=\"ab26626\" data-element_type=\"section\">\n\t\t\t\t\t\t<div class=\"elementor-container elementor-column-gap-default\">\n\t\t\t\t\t<div class=\"elementor-column elementor-col-100 elementor-inner-column elementor-element elementor-element-46e6d32\" data-id=\"46e6d32\" data-element_type=\"column\" data-settings=\"{&quot;background_background&quot;:&quot;classic&quot;}\">\n\t\t\t<div class=\"elementor-widget-wrap elementor-element-populated\">\n\t\t\t\t\t\t<div class=\"elementor-element elementor-element-c0b4905 elementor-widget elementor-widget-heading\" data-id=\"c0b4905\" data-element_type=\"widget\" data-widget_type=\"heading.default\">\n\t\t\t\t<div class=\"elementor-widget-container\">\n\t\t\t\t\t<h2 class=\"elementor-heading-title elementor-size-default\">F\u00fcr wen ist Psychotherapie geeignet?<\/h2>\t\t\t\t<\/div>\n\t\t\t\t<\/div>\n\t\t\t\t\t<\/div>\n\t\t<\/div>\n\t\t\t\t\t<\/div>\n\t\t<\/section>\n\t\t\t\t<section class=\"elementor-section elementor-inner-section elementor-element elementor-element-c523fc4 elementor-section-boxed elementor-section-height-default elementor-section-height-default\" data-id=\"c523fc4\" data-element_type=\"section\">\n\t\t\t\t\t\t<div class=\"elementor-container elementor-column-gap-default\">\n\t\t\t\t\t<div class=\"elementor-column elementor-col-50 elementor-inner-column elementor-element elementor-element-d4cec86\" data-id=\"d4cec86\" data-element_type=\"column\" data-settings=\"{&quot;background_background&quot;:&quot;classic&quot;}\">\n\t\t\t<div class=\"elementor-widget-wrap elementor-element-populated\">\n\t\t\t\t\t\t<div class=\"elementor-element elementor-element-b90dcf5 elementor-widget elementor-widget-text-editor\" data-id=\"b90dcf5\" data-element_type=\"widget\" data-widget_type=\"text-editor.default\">\n\t\t\t\t<div class=\"elementor-widget-container\">\n\t\t\t\t\t\t\t\t\tJugendliche, Erwachsene, Paare und Familien, die im Zusammenhang mit Problemen in folgenden Bereichen leiden \/zu k\u00e4mpfen haben:\t\t\t\t\t\t\t\t<\/div>\n\t\t\t\t<\/div>\n\t\t\t\t<div class=\"elementor-element elementor-element-4283ea7 elementor-widget elementor-widget-text-editor\" data-id=\"4283ea7\" data-element_type=\"widget\" data-widget_type=\"text-editor.default\">\n\t\t\t\t<div class=\"elementor-widget-container\">\n\t\t\t\t\t\t\t\t\t<p>\u00c4ngste <br \/>Panikattacken<br \/>Depressionen <br \/>Essverhalten<br \/>Schlaf-Wach-Rhythmus<br \/>Emotionsregulation<br \/>Umgang mit innerfamili\u00e4ren Konflikten<\/p>\t\t\t\t\t\t\t\t<\/div>\n\t\t\t\t<\/div>\n\t\t\t\t\t<\/div>\n\t\t<\/div>\n\t\t\t\t<div class=\"elementor-column elementor-col-50 elementor-inner-column elementor-element elementor-element-361c8f9\" data-id=\"361c8f9\" data-element_type=\"column\" data-settings=\"{&quot;background_background&quot;:&quot;classic&quot;}\">\n\t\t\t<div class=\"elementor-widget-wrap elementor-element-populated\">\n\t\t\t\t\t\t<div class=\"elementor-element elementor-element-fe6f5f8 elementor-widget elementor-widget-image\" data-id=\"fe6f5f8\" data-element_type=\"widget\" data-widget_type=\"image.default\">\n\t\t\t\t<div class=\"elementor-widget-container\">\n\t\t\t\t\t\t\t\t\t\t\t\t\t\t\t<img fetchpriority=\"high\" decoding=\"async\" width=\"300\" height=\"225\" src=\"https:\/\/flaviagermano.com\/wp-content\/uploads\/2021\/05\/psico_01-300x225.jpg\" class=\"attachment-medium size-medium wp-image-1155\" alt=\"\" srcset=\"https:\/\/flaviagermano.com\/wp-content\/uploads\/2021\/05\/psico_01-300x225.jpg 300w, https:\/\/flaviagermano.com\/wp-content\/uploads\/2021\/05\/psico_01-768x576.jpg 768w, https:\/\/flaviagermano.com\/wp-content\/uploads\/2021\/05\/psico_01.jpg 800w\" sizes=\"(max-width: 300px) 100vw, 300px\" \/>\t\t\t\t\t\t\t\t\t\t\t\t\t\t\t<\/div>\n\t\t\t\t<\/div>\n\t\t\t\t\t<\/div>\n\t\t<\/div>\n\t\t\t\t\t<\/div>\n\t\t<\/section>\n\t\t\t\t<section class=\"elementor-section elementor-inner-section elementor-element elementor-element-6d68931 elementor-section-boxed elementor-section-height-default elementor-section-height-default\" data-id=\"6d68931\" data-element_type=\"section\">\n\t\t\t\t\t\t<div class=\"elementor-container elementor-column-gap-default\">\n\t\t\t\t\t<div class=\"elementor-column elementor-col-100 elementor-inner-column elementor-element elementor-element-f92f309\" data-id=\"f92f309\" data-element_type=\"column\">\n\t\t\t<div class=\"elementor-widget-wrap elementor-element-populated\">\n\t\t\t\t\t\t<div class=\"elementor-element elementor-element-46ca89a elementor-widget elementor-widget-heading\" data-id=\"46ca89a\" data-element_type=\"widget\" data-widget_type=\"heading.default\">\n\t\t\t\t<div class=\"elementor-widget-container\">\n\t\t\t\t\t<h2 class=\"elementor-heading-title elementor-size-default\">Mein Ansatz<\/h2>\t\t\t\t<\/div>\n\t\t\t\t<\/div>\n\t\t\t\t\t<\/div>\n\t\t<\/div>\n\t\t\t\t\t<\/div>\n\t\t<\/section>\n\t\t\t\t<section class=\"elementor-section elementor-inner-section elementor-element elementor-element-da3c0dd elementor-reverse-tablet elementor-reverse-mobile elementor-section-boxed elementor-section-height-default elementor-section-height-default\" data-id=\"da3c0dd\" data-element_type=\"section\">\n\t\t\t\t\t\t<div class=\"elementor-container elementor-column-gap-default\">\n\t\t\t\t\t<div class=\"elementor-column elementor-col-50 elementor-inner-column elementor-element elementor-element-735423b\" data-id=\"735423b\" data-element_type=\"column\">\n\t\t\t<div class=\"elementor-widget-wrap elementor-element-populated\">\n\t\t\t\t\t\t<div class=\"elementor-element elementor-element-3e3cb07 elementor-widget elementor-widget-image\" data-id=\"3e3cb07\" data-element_type=\"widget\" data-widget_type=\"image.default\">\n\t\t\t\t<div class=\"elementor-widget-container\">\n\t\t\t\t\t\t\t\t\t\t\t\t\t\t\t<img decoding=\"async\" width=\"300\" height=\"225\" src=\"https:\/\/flaviagermano.com\/wp-content\/uploads\/2021\/05\/psico_02-300x225.jpg\" class=\"attachment-medium size-medium wp-image-1158\" alt=\"\" srcset=\"https:\/\/flaviagermano.com\/wp-content\/uploads\/2021\/05\/psico_02-300x225.jpg 300w, https:\/\/flaviagermano.com\/wp-content\/uploads\/2021\/05\/psico_02-768x576.jpg 768w, https:\/\/flaviagermano.com\/wp-content\/uploads\/2021\/05\/psico_02.jpg 800w\" sizes=\"(max-width: 300px) 100vw, 300px\" \/>\t\t\t\t\t\t\t\t\t\t\t\t\t\t\t<\/div>\n\t\t\t\t<\/div>\n\t\t\t\t\t<\/div>\n\t\t<\/div>\n\t\t\t\t<div class=\"elementor-column elementor-col-50 elementor-inner-column elementor-element elementor-element-e5473ce\" data-id=\"e5473ce\" data-element_type=\"column\">\n\t\t\t<div class=\"elementor-widget-wrap elementor-element-populated\">\n\t\t\t\t\t\t<div class=\"elementor-element elementor-element-e772697 elementor-widget elementor-widget-text-editor\" data-id=\"e772697\" data-element_type=\"widget\" data-widget_type=\"text-editor.default\">\n\t\t\t\t<div class=\"elementor-widget-container\">\n\t\t\t\t\t\t\t\t\tIch verwende evidenzbasierte Techniken, um f\u00fcr jeden Klienten einen individuell angepassten, ganz auf seine Bed\u00fcrfnisse zugeschnittenen Interventionsplan zu erstellen, der dabei hilft, die Wurzeln f\u00fcr das Ungl\u00fccklichsein zu erkennen, und den Mut und das Engagement st\u00e4rkt, sich den Herausforderungen des Lebens zu stellen.\t\t\t\t\t\t\t\t<\/div>\n\t\t\t\t<\/div>\n\t\t\t\t\t<\/div>\n\t\t<\/div>\n\t\t\t\t\t<\/div>\n\t\t<\/section>\n\t\t\t\t<section class=\"elementor-section elementor-inner-section elementor-element elementor-element-1988e27 elementor-section-boxed elementor-section-height-default elementor-section-height-default\" data-id=\"1988e27\" data-element_type=\"section\">\n\t\t\t\t\t\t<div class=\"elementor-container elementor-column-gap-default\">\n\t\t\t\t\t<div class=\"elementor-column elementor-col-100 elementor-inner-column elementor-element elementor-element-6252b2c\" data-id=\"6252b2c\" data-element_type=\"column\">\n\t\t\t<div class=\"elementor-widget-wrap elementor-element-populated\">\n\t\t\t\t\t\t<div class=\"elementor-element elementor-element-ecb2b92 elementor-widget elementor-widget-heading\" data-id=\"ecb2b92\" data-element_type=\"widget\" data-widget_type=\"heading.default\">\n\t\t\t\t<div class=\"elementor-widget-container\">\n\t\t\t\t\t<h2 class=\"elementor-heading-title elementor-size-default\">Was kannst du dir von unseren Sitzungen erwarten?<\/h2>\t\t\t\t<\/div>\n\t\t\t\t<\/div>\n\t\t\t\t<div class=\"elementor-element elementor-element-cf0fc68 elementor-widget elementor-widget-text-editor\" data-id=\"cf0fc68\" data-element_type=\"widget\" data-widget_type=\"text-editor.default\">\n\t\t\t\t<div class=\"elementor-widget-container\">\n\t\t\t\t\t\t\t\t\tEin sicherer Raum, um:\t\t\t\t\t\t\t\t<\/div>\n\t\t\t\t<\/div>\n\t\t\t\t<div class=\"elementor-element elementor-element-7b35982 elementor-widget elementor-widget-text-editor\" data-id=\"7b35982\" data-element_type=\"widget\" data-widget_type=\"text-editor.default\">\n\t\t\t\t<div class=\"elementor-widget-container\">\n\t\t\t\t\t\t\t\t\t<p>Verst\u00e4ndnis und Mitgef\u00fchl zu finden<br \/>Werkzeuge und Techniken zur Bew\u00e4ltigung von K\u00e4mpfen und Schwierigkeiten und f\u00fcr den Umgang mit diesen zu erlernen<br \/>Tief sitzende Abl\u00e4ufe (\u201eSkripte\u201c) zu erkennen und zu verarbeiten, die den Alltag und die allt\u00e4glichen Entscheidungen oft unbewusst beeinflussen<br \/>Destruktive und unfunktionelle Verhaltensweisen aufzudecken und in Zukunft zu vermeiden<br \/>Schritte in Richtung eines sch\u00f6neren Lebens zu gehen<\/p>\t\t\t\t\t\t\t\t<\/div>\n\t\t\t\t<\/div>\n\t\t\t\t\t<\/div>\n\t\t<\/div>\n\t\t\t\t\t<\/div>\n\t\t<\/section>\n\t\t\t\t\t<\/div>\n\t\t<\/div>\n\t\t\t\t\t<\/div>\n\t\t<\/section>\n\t\t\t\t<\/div>\n\t\t","protected":false},"excerpt":{"rendered":"<p>Du bist nicht allein! PSYCHOTHERAPIE Es handelt sich um ein Behandlungssystem, das mit einer breiten Palette von Ans\u00e4tzen, Techniken und Strategien geplant ist, die dabei helfen, die klinischen Symptome psychischer Belastung zu reduzieren. F\u00fcr wen ist Psychotherapie geeignet? Jugendliche, Erwachsene, Paare und Familien, die im Zusammenhang mit Problemen in folgenden Bereichen leiden \/zu k\u00e4mpfen haben: [&hellip;]<\/p>\n","protected":false},"author":1,"featured_media":0,"parent":3325,"menu_order":0,"comment_status":"closed","ping_status":"closed","template":"elementor_header_footer","meta":{"_seopress_robots_primary_cat":"","_seopress_titles_title":"","_seopress_titles_desc":"","_seopress_robots_index":"","footnotes":""},"class_list":["post-3340","page","type-page","status-publish","hentry"],"blocksy_meta":{"styles_descriptor":{"styles":{"desktop":"","tablet":"","mobile":""},"google_fonts":[],"version":6}},"_links":{"self":[{"href":"https:\/\/flaviagermano.com\/de\/wp-json\/wp\/v2\/pages\/3340","targetHints":{"allow":["GET"]}}],"collection":[{"href":"https:\/\/flaviagermano.com\/de\/wp-json\/wp\/v2\/pages"}],"about":[{"href":"https:\/\/flaviagermano.com\/de\/wp-json\/wp\/v2\/types\/page"}],"author":[{"embeddable":true,"href":"https:\/\/flaviagermano.com\/de\/wp-json\/wp\/v2\/users\/1"}],"replies":[{"embeddable":true,"href":"https:\/\/flaviagermano.com\/de\/wp-json\/wp\/v2\/comments?post=3340"}],"version-history":[{"count":10,"href":"https:\/\/flaviagermano.com\/de\/wp-json\/wp\/v2\/pages\/3340\/revisions"}],"predecessor-version":[{"id":3603,"href":"https:\/\/flaviagermano.com\/de\/wp-json\/wp\/v2\/pages\/3340\/revisions\/3603"}],"up":[{"embeddable":true,"href":"https:\/\/flaviagermano.com\/de\/wp-json\/wp\/v2\/pages\/3325"}],"wp:attachment":[{"href":"https:\/\/flaviagermano.com\/de\/wp-json\/wp\/v2\/media?parent=3340"}],"curies":[{"name":"wp","href":"https:\/\/api.w.org\/{rel}","templated":true}]}}