{"id":3336,"date":"2021-04-07T17:35:21","date_gmt":"2021-04-07T17:35:21","guid":{"rendered":"https:\/\/www.flaviagermano.com\/servizi\/gruppi\/"},"modified":"2021-08-12T09:16:50","modified_gmt":"2021-08-12T09:16:50","slug":"gruppen","status":"publish","type":"page","link":"https:\/\/flaviagermano.com\/de\/dienstleistungen\/gruppen\/","title":{"rendered":"Gruppen"},"content":{"rendered":"\t\t<div data-elementor-type=\"wp-page\" data-elementor-id=\"3336\" class=\"elementor elementor-3336 elementor-144\" data-elementor-post-type=\"page\">\n\t\t\t\t\t\t<section class=\"elementor-section elementor-top-section elementor-element elementor-element-23a445a ct-section-stretched elementor-section-full_width elementor-section-height-default elementor-section-height-default\" data-id=\"23a445a\" data-element_type=\"section\" data-settings=\"{&quot;background_background&quot;:&quot;classic&quot;}\">\n\t\t\t\t\t\t<div class=\"elementor-container elementor-column-gap-no\">\n\t\t\t\t\t<div class=\"elementor-column elementor-col-100 elementor-top-column elementor-element elementor-element-6de95137\" data-id=\"6de95137\" data-element_type=\"column\" data-settings=\"{&quot;background_background&quot;:&quot;slideshow&quot;,&quot;background_slideshow_gallery&quot;:[],&quot;background_slideshow_loop&quot;:&quot;yes&quot;,&quot;background_slideshow_slide_duration&quot;:5000,&quot;background_slideshow_slide_transition&quot;:&quot;fade&quot;,&quot;background_slideshow_transition_duration&quot;:500}\">\n\t\t\t<div class=\"elementor-widget-wrap elementor-element-populated\">\n\t\t\t\t\t\t<section class=\"elementor-section elementor-inner-section elementor-element elementor-element-2b821d1c elementor-section-height-min-height elementor-section-content-middle elementor-section-boxed elementor-section-height-default\" data-id=\"2b821d1c\" data-element_type=\"section\" data-settings=\"{&quot;background_background&quot;:&quot;classic&quot;}\">\n\t\t\t\t\t\t<div class=\"elementor-container elementor-column-gap-default\">\n\t\t\t\t\t<div class=\"elementor-column elementor-col-100 elementor-inner-column elementor-element elementor-element-4253fecd\" data-id=\"4253fecd\" data-element_type=\"column\">\n\t\t\t<div class=\"elementor-widget-wrap\">\n\t\t\t\t\t\t\t<\/div>\n\t\t<\/div>\n\t\t\t\t\t<\/div>\n\t\t<\/section>\n\t\t\t\t\t<\/div>\n\t\t<\/div>\n\t\t\t\t\t<\/div>\n\t\t<\/section>\n\t\t\t\t<section class=\"elementor-section elementor-top-section elementor-element elementor-element-60f6fe0 elementor-section-content-middle elementor-section-boxed elementor-section-height-default elementor-section-height-default\" data-id=\"60f6fe0\" data-element_type=\"section\">\n\t\t\t\t\t\t<div class=\"elementor-container elementor-column-gap-default\">\n\t\t\t\t\t<div class=\"elementor-column elementor-col-100 elementor-top-column elementor-element elementor-element-e7ae4c4\" data-id=\"e7ae4c4\" data-element_type=\"column\">\n\t\t\t<div class=\"elementor-widget-wrap elementor-element-populated\">\n\t\t\t\t\t\t<div class=\"elementor-element elementor-element-9590f30 elementor-widget elementor-widget-heading\" data-id=\"9590f30\" data-element_type=\"widget\" data-widget_type=\"heading.default\">\n\t\t\t\t<div class=\"elementor-widget-container\">\n\t\t\t\t\t<h2 class=\"elementor-heading-title elementor-size-default\">Gemeinsam lernen und wachsen<\/h2>\t\t\t\t<\/div>\n\t\t\t\t<\/div>\n\t\t\t\t<div class=\"elementor-element elementor-element-74f0a6e elementor-widget elementor-widget-text-editor\" data-id=\"74f0a6e\" data-element_type=\"widget\" data-widget_type=\"text-editor.default\">\n\t\t\t\t<div class=\"elementor-widget-container\">\n\t\t\t\t\t\t\t\t\t\u00dcber 60 Jahre Forschung haben die positiven Auswirkungen von Gruppenarbeit auf das Individuum gezeigt. Eine Gruppenumgebung fl\u00f6\u00dft Vertrauen ein, erh\u00f6ht die Selbstwahrnehmung und verbessert die Sozialisierung, was wiederum dazu beitr\u00e4gt, den Heilungs- und Lernprozess zu beschleunigen.\t\t\t\t\t\t\t\t<\/div>\n\t\t\t\t<\/div>\n\t\t\t\t<section class=\"elementor-section elementor-inner-section elementor-element elementor-element-b0ceec6 elementor-section-content-middle elementor-section-boxed elementor-section-height-default elementor-section-height-default\" data-id=\"b0ceec6\" data-element_type=\"section\">\n\t\t\t\t\t\t<div class=\"elementor-container elementor-column-gap-default\">\n\t\t\t\t\t<div class=\"elementor-column elementor-col-100 elementor-inner-column elementor-element elementor-element-3744b2c\" data-id=\"3744b2c\" data-element_type=\"column\">\n\t\t\t<div class=\"elementor-widget-wrap elementor-element-populated\">\n\t\t\t\t\t\t<div class=\"elementor-element elementor-element-2756e1b elementor-widget elementor-widget-heading\" data-id=\"2756e1b\" data-element_type=\"widget\" data-widget_type=\"heading.default\">\n\t\t\t\t<div class=\"elementor-widget-container\">\n\t\t\t\t\t<h3 class=\"elementor-heading-title elementor-size-default\">Life Coachings- und Psychotherapiegruppen<br>in Covid-Zeiten<\/h3>\t\t\t\t<\/div>\n\t\t\t\t<\/div>\n\t\t\t\t\t<\/div>\n\t\t<\/div>\n\t\t\t\t\t<\/div>\n\t\t<\/section>\n\t\t\t\t<section class=\"elementor-section elementor-inner-section elementor-element elementor-element-f88e027 elementor-section-content-middle elementor-section-boxed elementor-section-height-default elementor-section-height-default\" data-id=\"f88e027\" data-element_type=\"section\">\n\t\t\t\t\t\t<div class=\"elementor-container elementor-column-gap-default\">\n\t\t\t\t\t<div class=\"elementor-column elementor-col-50 elementor-inner-column elementor-element elementor-element-e2e8cc1\" data-id=\"e2e8cc1\" data-element_type=\"column\">\n\t\t\t<div class=\"elementor-widget-wrap elementor-element-populated\">\n\t\t\t\t\t\t<div class=\"elementor-element elementor-element-1a9b840 elementor-widget elementor-widget-image\" data-id=\"1a9b840\" data-element_type=\"widget\" data-widget_type=\"image.default\">\n\t\t\t\t<div class=\"elementor-widget-container\">\n\t\t\t\t\t\t\t\t\t\t\t\t\t\t\t<img fetchpriority=\"high\" decoding=\"async\" width=\"800\" height=\"800\" src=\"https:\/\/flaviagermano.com\/wp-content\/uploads\/2021\/05\/gruppi_01_800.jpg\" class=\"attachment-large size-large wp-image-1012\" alt=\"\" srcset=\"https:\/\/flaviagermano.com\/wp-content\/uploads\/2021\/05\/gruppi_01_800.jpg 800w, https:\/\/flaviagermano.com\/wp-content\/uploads\/2021\/05\/gruppi_01_800-300x300.jpg 300w, https:\/\/flaviagermano.com\/wp-content\/uploads\/2021\/05\/gruppi_01_800-150x150.jpg 150w, https:\/\/flaviagermano.com\/wp-content\/uploads\/2021\/05\/gruppi_01_800-768x768.jpg 768w\" sizes=\"(max-width: 800px) 100vw, 800px\" \/>\t\t\t\t\t\t\t\t\t\t\t\t\t\t\t<\/div>\n\t\t\t\t<\/div>\n\t\t\t\t\t<\/div>\n\t\t<\/div>\n\t\t\t\t<div class=\"elementor-column elementor-col-50 elementor-inner-column elementor-element elementor-element-e5ab523\" data-id=\"e5ab523\" data-element_type=\"column\">\n\t\t\t<div class=\"elementor-widget-wrap elementor-element-populated\">\n\t\t\t\t\t\t<div class=\"elementor-element elementor-element-97a10d6 elementor-widget elementor-widget-text-editor\" data-id=\"97a10d6\" data-element_type=\"widget\" data-widget_type=\"text-editor.default\">\n\t\t\t\t<div class=\"elementor-widget-container\">\n\t\t\t\t\t\t\t\t\tDie Covid-Pandemie hat es den Menschen aufgrund sozialer Einschr\u00e4nkungen und Angst schwerer gemacht, Kontakte zu kn\u00fcpfen. Wir haben nicht mehr die M\u00f6glichkeit, uns in Gruppen zu treffen und andere Menschen an unserem Leben teilhaben zu lassen. Auch gemeinsames Lachen, Weinen, das Teilen von Sorgen, Tr\u00e4umen und \u00c4ngsten ist nicht mehr so einfach m\u00f6glich. Eine Gruppe bietet eine unterst\u00fctzende und sichere Umgebung, in der die Menschen sich verbundener f\u00fchlen, sich \u00f6ffnen und die an sie gestellten Herausforderungen teilen k\u00f6nnen. Die Gruppe st\u00e4rkt und f\u00f6rdert die Motivation, pers\u00f6nliche Ziele zu erreichen, zu einer zentrierenden Mitte zu finden und achtsamer und engagierter zu werden.\t\t\t\t\t\t\t\t<\/div>\n\t\t\t\t<\/div>\n\t\t\t\t\t<\/div>\n\t\t<\/div>\n\t\t\t\t\t<\/div>\n\t\t<\/section>\n\t\t\t\t<section class=\"elementor-section elementor-inner-section elementor-element elementor-element-c0cc06e elementor-section-content-middle elementor-section-boxed elementor-section-height-default elementor-section-height-default\" data-id=\"c0cc06e\" data-element_type=\"section\">\n\t\t\t\t\t\t<div class=\"elementor-container elementor-column-gap-default\">\n\t\t\t\t\t<div class=\"elementor-column elementor-col-100 elementor-inner-column elementor-element elementor-element-6735417\" data-id=\"6735417\" data-element_type=\"column\">\n\t\t\t<div class=\"elementor-widget-wrap elementor-element-populated\">\n\t\t\t\t\t\t<div class=\"elementor-element elementor-element-76b2b99 elementor-widget elementor-widget-heading\" data-id=\"76b2b99\" data-element_type=\"widget\" data-widget_type=\"heading.default\">\n\t\t\t\t<div class=\"elementor-widget-container\">\n\t\t\t\t\t<h3 class=\"elementor-heading-title elementor-size-default\">Gruppensupervision<\/h3>\t\t\t\t<\/div>\n\t\t\t\t<\/div>\n\t\t\t\t\t<\/div>\n\t\t<\/div>\n\t\t\t\t\t<\/div>\n\t\t<\/section>\n\t\t\t\t<section class=\"elementor-section elementor-inner-section elementor-element elementor-element-99fb77f elementor-section-content-middle elementor-section-boxed elementor-section-height-default elementor-section-height-default\" data-id=\"99fb77f\" data-element_type=\"section\">\n\t\t\t\t\t\t<div class=\"elementor-container elementor-column-gap-default\">\n\t\t\t\t\t<div class=\"elementor-column elementor-col-50 elementor-inner-column elementor-element elementor-element-394df63\" data-id=\"394df63\" data-element_type=\"column\">\n\t\t\t<div class=\"elementor-widget-wrap elementor-element-populated\">\n\t\t\t\t\t\t<div class=\"elementor-element elementor-element-bffb6b4 elementor-widget elementor-widget-text-editor\" data-id=\"bffb6b4\" data-element_type=\"widget\" data-widget_type=\"text-editor.default\">\n\t\t\t\t<div class=\"elementor-widget-container\">\n\t\t\t\t\t\t\t\t\tFachkr\u00e4fte in den Bereichen psychische Gesundheit, Medizin und Bildung sind aufgrund der st\u00e4ndigen emotionalen \u00dcberlastung und der Komplexit\u00e4t ihrer Arbeit einem hohen Burnout-Risiko ausgesetzt. Einen Raum zu haben, in dem Kollegen zusammenkommen k\u00f6nnen, um ihre gemeinsamen Erfahrungen zu teilen, hat auf mehreren Ebenen Vorteile. Sie werden besser als Team zusammenarbeiten, neue F\u00e4higkeiten erlernen, um anstrengende und anspruchsvolle Situationen effizienter zu bew\u00e4ltigen, und pers\u00f6nlich handlungsf\u00e4higer werden. Dies verbessert wiederum die Qualit\u00e4t der von ihnen erbrachten Leistungen. \n\n Fachkr\u00e4fte in den Bereichen psychische Gesundheit, Medizin und Bildung sind aufgrund der st\u00e4ndigen emotionalen \u00dcberlastung und der Komplexit\u00e4t ihrer Arbeit einem hohen Burnout-Risiko ausgesetzt. Einen Raum zu haben, in dem Kollegen zusammenkommen k\u00f6nnen, um ihre gemeinsamen Erfahrungen zu teilen, hat auf mehreren Ebenen Vorteile. Sie werden besser als Team zusammenarbeiten, neue F\u00e4higkeiten erlernen, um anstrengende und anspruchsvolle Situationen effizienter zu bew\u00e4ltigen, und pers\u00f6nlich handlungsf\u00e4higer werden. Dies verbessert wiederum die Qualit\u00e4t der von ihnen erbrachten Leistungen. \t\t\t\t\t\t\t\t<\/div>\n\t\t\t\t<\/div>\n\t\t\t\t\t<\/div>\n\t\t<\/div>\n\t\t\t\t<div class=\"elementor-column elementor-col-50 elementor-inner-column elementor-element elementor-element-d38b969\" data-id=\"d38b969\" data-element_type=\"column\">\n\t\t\t<div class=\"elementor-widget-wrap elementor-element-populated\">\n\t\t\t\t\t\t<div class=\"elementor-element elementor-element-a62c5a0 elementor-widget elementor-widget-image\" data-id=\"a62c5a0\" data-element_type=\"widget\" data-widget_type=\"image.default\">\n\t\t\t\t<div class=\"elementor-widget-container\">\n\t\t\t\t\t\t\t\t\t\t\t\t\t\t\t<img decoding=\"async\" width=\"800\" height=\"800\" src=\"https:\/\/flaviagermano.com\/wp-content\/uploads\/2021\/05\/supervisione_01.jpg\" class=\"attachment-large size-large wp-image-1016\" alt=\"\" srcset=\"https:\/\/flaviagermano.com\/wp-content\/uploads\/2021\/05\/supervisione_01.jpg 800w, https:\/\/flaviagermano.com\/wp-content\/uploads\/2021\/05\/supervisione_01-300x300.jpg 300w, https:\/\/flaviagermano.com\/wp-content\/uploads\/2021\/05\/supervisione_01-150x150.jpg 150w, https:\/\/flaviagermano.com\/wp-content\/uploads\/2021\/05\/supervisione_01-768x768.jpg 768w\" sizes=\"(max-width: 800px) 100vw, 800px\" \/>\t\t\t\t\t\t\t\t\t\t\t\t\t\t\t<\/div>\n\t\t\t\t<\/div>\n\t\t\t\t\t<\/div>\n\t\t<\/div>\n\t\t\t\t\t<\/div>\n\t\t<\/section>\n\t\t\t\t<section class=\"elementor-section elementor-inner-section elementor-element elementor-element-f23f702 elementor-section-content-middle elementor-section-boxed elementor-section-height-default elementor-section-height-default\" data-id=\"f23f702\" data-element_type=\"section\">\n\t\t\t\t\t\t<div class=\"elementor-container elementor-column-gap-default\">\n\t\t\t\t\t<div class=\"elementor-column elementor-col-100 elementor-inner-column elementor-element elementor-element-b15bd9f\" data-id=\"b15bd9f\" data-element_type=\"column\">\n\t\t\t<div class=\"elementor-widget-wrap elementor-element-populated\">\n\t\t\t\t\t\t<div class=\"elementor-element elementor-element-e503774 elementor-widget elementor-widget-heading\" data-id=\"e503774\" data-element_type=\"widget\" data-widget_type=\"heading.default\">\n\t\t\t\t<div class=\"elementor-widget-container\">\n\t\t\t\t\t<h3 class=\"elementor-heading-title elementor-size-default\">Schulungsgruppen<\/h3>\t\t\t\t<\/div>\n\t\t\t\t<\/div>\n\t\t\t\t\t<\/div>\n\t\t<\/div>\n\t\t\t\t\t<\/div>\n\t\t<\/section>\n\t\t\t\t<section class=\"elementor-section elementor-inner-section elementor-element elementor-element-791fdf3 elementor-section-content-middle elementor-section-boxed elementor-section-height-default elementor-section-height-default\" data-id=\"791fdf3\" data-element_type=\"section\">\n\t\t\t\t\t\t<div class=\"elementor-container elementor-column-gap-default\">\n\t\t\t\t\t<div class=\"elementor-column elementor-col-50 elementor-inner-column elementor-element elementor-element-5d757fd\" data-id=\"5d757fd\" data-element_type=\"column\">\n\t\t\t<div class=\"elementor-widget-wrap elementor-element-populated\">\n\t\t\t\t\t\t<div class=\"elementor-element elementor-element-ba825d3 elementor-widget elementor-widget-image\" data-id=\"ba825d3\" data-element_type=\"widget\" data-widget_type=\"image.default\">\n\t\t\t\t<div class=\"elementor-widget-container\">\n\t\t\t\t\t\t\t\t\t\t\t\t\t\t\t<img decoding=\"async\" width=\"800\" height=\"534\" src=\"https:\/\/flaviagermano.com\/wp-content\/uploads\/2021\/05\/gruppi_04.jpg\" class=\"attachment-large size-large wp-image-1416\" alt=\"\" srcset=\"https:\/\/flaviagermano.com\/wp-content\/uploads\/2021\/05\/gruppi_04.jpg 800w, https:\/\/flaviagermano.com\/wp-content\/uploads\/2021\/05\/gruppi_04-300x200.jpg 300w, https:\/\/flaviagermano.com\/wp-content\/uploads\/2021\/05\/gruppi_04-768x513.jpg 768w\" sizes=\"(max-width: 800px) 100vw, 800px\" \/>\t\t\t\t\t\t\t\t\t\t\t\t\t\t\t<\/div>\n\t\t\t\t<\/div>\n\t\t\t\t\t<\/div>\n\t\t<\/div>\n\t\t\t\t<div class=\"elementor-column elementor-col-50 elementor-inner-column elementor-element elementor-element-d995067\" data-id=\"d995067\" data-element_type=\"column\">\n\t\t\t<div class=\"elementor-widget-wrap elementor-element-populated\">\n\t\t\t\t\t\t<div class=\"elementor-element elementor-element-cc9a460 elementor-widget elementor-widget-text-editor\" data-id=\"cc9a460\" data-element_type=\"widget\" data-widget_type=\"text-editor.default\">\n\t\t\t\t<div class=\"elementor-widget-container\">\n\t\t\t\t\t\t\t\t\tDie kontinuierliche Schulung der Mitarbeiter ist entscheidend f\u00fcr die Erhaltung einer zufriedenen und gesunden Belegschaft. Sie erm\u00f6glicht den Individuen, wichtige F\u00e4higkeiten zu erlernen, um besser zu kommunizieren, zusammenzuarbeiten und Probleme auf produktivere Weise zu l\u00f6sen. In Gruppensitzungen und Workshops werden wir uns darauf fokussieren, die Zusammenarbeit im Team, das Sprechen in der \u00d6ffentlichkeit und das pers\u00f6nliche Durchsetzungsverm\u00f6gen zu verbessern.\t\t\t\t\t\t\t\t<\/div>\n\t\t\t\t<\/div>\n\t\t\t\t\t<\/div>\n\t\t<\/div>\n\t\t\t\t\t<\/div>\n\t\t<\/section>\n\t\t\t\t\t<\/div>\n\t\t<\/div>\n\t\t\t\t\t<\/div>\n\t\t<\/section>\n\t\t\t\t<\/div>\n\t\t","protected":false},"excerpt":{"rendered":"<p>Gemeinsam lernen und wachsen \u00dcber 60 Jahre Forschung haben die positiven Auswirkungen von Gruppenarbeit auf das Individuum gezeigt. Eine Gruppenumgebung fl\u00f6\u00dft Vertrauen ein, erh\u00f6ht die Selbstwahrnehmung und verbessert die Sozialisierung, was wiederum dazu beitr\u00e4gt, den Heilungs- und Lernprozess zu beschleunigen. Life Coachings- und Psychotherapiegruppenin Covid-Zeiten Die Covid-Pandemie hat es den Menschen aufgrund sozialer Einschr\u00e4nkungen und [&hellip;]<\/p>\n","protected":false},"author":1,"featured_media":0,"parent":3325,"menu_order":0,"comment_status":"closed","ping_status":"closed","template":"elementor_header_footer","meta":{"_seopress_robots_primary_cat":"","_seopress_titles_title":"","_seopress_titles_desc":"","_seopress_robots_index":"","footnotes":""},"class_list":["post-3336","page","type-page","status-publish","hentry"],"blocksy_meta":{"styles_descriptor":{"styles":{"desktop":"","tablet":"","mobile":""},"google_fonts":[],"version":6}},"_links":{"self":[{"href":"https:\/\/flaviagermano.com\/de\/wp-json\/wp\/v2\/pages\/3336","targetHints":{"allow":["GET"]}}],"collection":[{"href":"https:\/\/flaviagermano.com\/de\/wp-json\/wp\/v2\/pages"}],"about":[{"href":"https:\/\/flaviagermano.com\/de\/wp-json\/wp\/v2\/types\/page"}],"author":[{"embeddable":true,"href":"https:\/\/flaviagermano.com\/de\/wp-json\/wp\/v2\/users\/1"}],"replies":[{"embeddable":true,"href":"https:\/\/flaviagermano.com\/de\/wp-json\/wp\/v2\/comments?post=3336"}],"version-history":[{"count":8,"href":"https:\/\/flaviagermano.com\/de\/wp-json\/wp\/v2\/pages\/3336\/revisions"}],"predecessor-version":[{"id":3441,"href":"https:\/\/flaviagermano.com\/de\/wp-json\/wp\/v2\/pages\/3336\/revisions\/3441"}],"up":[{"embeddable":true,"href":"https:\/\/flaviagermano.com\/de\/wp-json\/wp\/v2\/pages\/3325"}],"wp:attachment":[{"href":"https:\/\/flaviagermano.com\/de\/wp-json\/wp\/v2\/media?parent=3336"}],"curies":[{"name":"wp","href":"https:\/\/api.w.org\/{rel}","templated":true}]}}