{"id":3332,"date":"2021-04-07T17:34:09","date_gmt":"2021-04-07T17:34:09","guid":{"rendered":"https:\/\/www.flaviagermano.com\/servizi\/counselig\/"},"modified":"2021-08-11T18:28:07","modified_gmt":"2021-08-11T18:28:07","slug":"beratung","status":"publish","type":"page","link":"https:\/\/flaviagermano.com\/de\/dienstleistungen\/beratung\/","title":{"rendered":"Beratung"},"content":{"rendered":"\t\t<div data-elementor-type=\"wp-page\" data-elementor-id=\"3332\" class=\"elementor elementor-3332 elementor-135\" data-elementor-post-type=\"page\">\n\t\t\t\t\t\t<section class=\"elementor-section elementor-top-section elementor-element elementor-element-44a51a32 elementor-section-full_width ct-section-stretched elementor-section-height-default elementor-section-height-default\" data-id=\"44a51a32\" data-element_type=\"section\" data-settings=\"{&quot;background_background&quot;:&quot;slideshow&quot;,&quot;background_slideshow_gallery&quot;:[],&quot;background_slideshow_loop&quot;:&quot;yes&quot;,&quot;background_slideshow_slide_duration&quot;:5000,&quot;background_slideshow_slide_transition&quot;:&quot;fade&quot;,&quot;background_slideshow_transition_duration&quot;:500}\">\n\t\t\t\t\t\t<div class=\"elementor-container elementor-column-gap-no\">\n\t\t\t\t\t<div class=\"elementor-column elementor-col-100 elementor-top-column elementor-element elementor-element-312862f2\" data-id=\"312862f2\" data-element_type=\"column\" data-settings=\"{&quot;background_background&quot;:&quot;slideshow&quot;,&quot;background_slideshow_gallery&quot;:[],&quot;background_slideshow_loop&quot;:&quot;yes&quot;,&quot;background_slideshow_slide_duration&quot;:5000,&quot;background_slideshow_slide_transition&quot;:&quot;fade&quot;,&quot;background_slideshow_transition_duration&quot;:500}\">\n\t\t\t<div class=\"elementor-widget-wrap elementor-element-populated\">\n\t\t\t\t\t\t<section class=\"elementor-section elementor-inner-section elementor-element elementor-element-699858a3 elementor-section-height-min-height elementor-section-full_width elementor-section-height-default\" data-id=\"699858a3\" data-element_type=\"section\" data-settings=\"{&quot;background_background&quot;:&quot;classic&quot;}\">\n\t\t\t\t\t\t<div class=\"elementor-container elementor-column-gap-no\">\n\t\t\t\t\t<div class=\"elementor-column elementor-col-100 elementor-inner-column elementor-element elementor-element-48ef0e52\" data-id=\"48ef0e52\" data-element_type=\"column\">\n\t\t\t<div class=\"elementor-widget-wrap\">\n\t\t\t\t\t\t\t<\/div>\n\t\t<\/div>\n\t\t\t\t\t<\/div>\n\t\t<\/section>\n\t\t\t\t<section class=\"elementor-section elementor-inner-section elementor-element elementor-element-1f33912f elementor-section-boxed elementor-section-height-default elementor-section-height-default\" data-id=\"1f33912f\" data-element_type=\"section\">\n\t\t\t\t\t\t<div class=\"elementor-container elementor-column-gap-default\">\n\t\t\t\t\t<div class=\"elementor-column elementor-col-100 elementor-inner-column elementor-element elementor-element-264699e7\" data-id=\"264699e7\" data-element_type=\"column\">\n\t\t\t<div class=\"elementor-widget-wrap elementor-element-populated\">\n\t\t\t\t\t\t<div class=\"elementor-element elementor-element-299067b elementor-widget elementor-widget-heading\" data-id=\"299067b\" data-element_type=\"widget\" data-widget_type=\"heading.default\">\n\t\t\t\t<div class=\"elementor-widget-container\">\n\t\t\t\t\t<h2 class=\"elementor-heading-title elementor-size-default\">Gemeinsam die Herausforderungen des Lebens meistern<\/h2>\t\t\t\t<\/div>\n\t\t\t\t<\/div>\n\t\t\t\t<div class=\"elementor-element elementor-element-96f2ebe elementor-widget elementor-widget-heading\" data-id=\"96f2ebe\" data-element_type=\"widget\" data-widget_type=\"heading.default\">\n\t\t\t\t<div class=\"elementor-widget-container\">\n\t\t\t\t\t<h3 class=\"elementor-heading-title elementor-size-default\">BERATUNG<\/h3>\t\t\t\t<\/div>\n\t\t\t\t<\/div>\n\t\t\t\t<div class=\"elementor-element elementor-element-91f1244 elementor-widget elementor-widget-text-editor\" data-id=\"91f1244\" data-element_type=\"widget\" data-widget_type=\"text-editor.default\">\n\t\t\t\t<div class=\"elementor-widget-container\">\n\t\t\t\t\t\t\t\t\tIm Laufe unseres Lebens entstehen immer wieder neue Situationen. Einige sind positiv, andere negativ, doch vielmals f\u00fchren sie zu unerw\u00fcnschtem Stress und \u00c4ngsten. Counseling ist ein Prozess, der darauf abzielt, Emotionen und Schwierigkeiten im Zusammenhang mit belastenden Situationen zu bew\u00e4ltigen, um die langfristigen negativen Auswirkungen dieser Ereignisse abzumildern.\t\t\t\t\t\t\t\t<\/div>\n\t\t\t\t<\/div>\n\t\t\t\t\t<\/div>\n\t\t<\/div>\n\t\t\t\t\t<\/div>\n\t\t<\/section>\n\t\t\t\t<section class=\"elementor-section elementor-inner-section elementor-element elementor-element-e2668fc elementor-section-boxed elementor-section-height-default elementor-section-height-default\" data-id=\"e2668fc\" data-element_type=\"section\">\n\t\t\t\t\t\t<div class=\"elementor-container elementor-column-gap-default\">\n\t\t\t\t\t<div class=\"elementor-column elementor-col-100 elementor-inner-column elementor-element elementor-element-5f8a2d3\" data-id=\"5f8a2d3\" data-element_type=\"column\">\n\t\t\t<div class=\"elementor-widget-wrap elementor-element-populated\">\n\t\t\t\t\t\t<div class=\"elementor-element elementor-element-9a8470b elementor-widget elementor-widget-heading\" data-id=\"9a8470b\" data-element_type=\"widget\" data-widget_type=\"heading.default\">\n\t\t\t\t<div class=\"elementor-widget-container\">\n\t\t\t\t\t<h2 class=\"elementor-heading-title elementor-size-default\">F\u00fcr wen ist Beratung geeignet?<\/h2>\t\t\t\t<\/div>\n\t\t\t\t<\/div>\n\t\t\t\t\t<\/div>\n\t\t<\/div>\n\t\t\t\t\t<\/div>\n\t\t<\/section>\n\t\t\t\t<section class=\"elementor-section elementor-inner-section elementor-element elementor-element-d11e95e elementor-section-boxed elementor-section-height-default elementor-section-height-default\" data-id=\"d11e95e\" data-element_type=\"section\">\n\t\t\t\t\t\t<div class=\"elementor-container elementor-column-gap-default\">\n\t\t\t\t\t<div class=\"elementor-column elementor-col-50 elementor-inner-column elementor-element elementor-element-3456741\" data-id=\"3456741\" data-element_type=\"column\">\n\t\t\t<div class=\"elementor-widget-wrap elementor-element-populated\">\n\t\t\t\t\t\t<div class=\"elementor-element elementor-element-738d60f elementor-widget elementor-widget-heading\" data-id=\"738d60f\" data-element_type=\"widget\" data-widget_type=\"heading.default\">\n\t\t\t\t<div class=\"elementor-widget-container\">\n\t\t\t\t\t<span class=\"elementor-heading-title elementor-size-default\">F\u00fcr Jugendliche, Erwachsene, Paare und Familien, die aufgrund einer vor\u00fcbergehenden oder chronischen Problemsituation seelischer Belastung ausgesetzt sind und nach mehr Unterst\u00fctzung bei der Bew\u00e4ltigung dieser Herausforderungen suchen.\nEntstehen k\u00f6nnen solche Schwierigkeiten durch:<\/span>\t\t\t\t<\/div>\n\t\t\t\t<\/div>\n\t\t\t\t<div class=\"elementor-element elementor-element-6b9207f elementor-icon-list--layout-traditional elementor-list-item-link-full_width elementor-widget elementor-widget-icon-list\" data-id=\"6b9207f\" data-element_type=\"widget\" data-widget_type=\"icon-list.default\">\n\t\t\t\t<div class=\"elementor-widget-container\">\n\t\t\t\t\t\t\t<ul class=\"elementor-icon-list-items\">\n\t\t\t\t\t\t\t<li class=\"elementor-icon-list-item\">\n\t\t\t\t\t\t\t\t\t\t<span class=\"elementor-icon-list-text\">Umzug \u2013 Auswirkungen auf die soziale Integration, Einsamkeit<\/span>\n\t\t\t\t\t\t\t\t\t<\/li>\n\t\t\t\t\t\t\t\t<li class=\"elementor-icon-list-item\">\n\t\t\t\t\t\t\t\t\t\t<span class=\"elementor-icon-list-text\">Ver\u00e4nderungen im Leben \u2013 Geburt eines Kindes, Verlust eines geliebten Menschen<\/span>\n\t\t\t\t\t\t\t\t\t<\/li>\n\t\t\t\t\t\t\t\t<li class=\"elementor-icon-list-item\">\n\t\t\t\t\t\t\t\t\t\t<span class=\"elementor-icon-list-text\">Ver\u00e4nderungen in der Arbeitswelt \u2013 Bef\u00f6rderungen, K\u00fcndigungen<\/span>\n\t\t\t\t\t\t\t\t\t<\/li>\n\t\t\t\t\t\t\t\t<li class=\"elementor-icon-list-item\">\n\t\t\t\t\t\t\t\t\t\t<span class=\"elementor-icon-list-text\"> Zwischenmenschliche Beziehungen \u2013 Feindseligkeit, Aggressivit\u00e4t<\/span>\n\t\t\t\t\t\t\t\t\t<\/li>\n\t\t\t\t\t\t\t\t<li class=\"elementor-icon-list-item\">\n\t\t\t\t\t\t\t\t\t\t<span class=\"elementor-icon-list-text\">Gesundheitliche Probleme \u2013 Kurz- und Langzeiterkrankungen<\/span>\n\t\t\t\t\t\t\t\t\t<\/li>\n\t\t\t\t\t\t<\/ul>\n\t\t\t\t\t\t<\/div>\n\t\t\t\t<\/div>\n\t\t\t\t\t<\/div>\n\t\t<\/div>\n\t\t\t\t<div class=\"elementor-column elementor-col-50 elementor-inner-column elementor-element elementor-element-8a73db1\" data-id=\"8a73db1\" data-element_type=\"column\">\n\t\t\t<div class=\"elementor-widget-wrap elementor-element-populated\">\n\t\t\t\t\t\t<div class=\"elementor-element elementor-element-c46d6c3 elementor-widget elementor-widget-image\" data-id=\"c46d6c3\" data-element_type=\"widget\" data-widget_type=\"image.default\">\n\t\t\t\t<div class=\"elementor-widget-container\">\n\t\t\t\t\t\t\t\t\t\t\t\t\t\t\t<img fetchpriority=\"high\" decoding=\"async\" width=\"800\" height=\"800\" src=\"https:\/\/flaviagermano.com\/wp-content\/uploads\/2021\/05\/counseling_01.jpg\" class=\"attachment-large size-large wp-image-1078\" alt=\"\" srcset=\"https:\/\/flaviagermano.com\/wp-content\/uploads\/2021\/05\/counseling_01.jpg 800w, https:\/\/flaviagermano.com\/wp-content\/uploads\/2021\/05\/counseling_01-300x300.jpg 300w, https:\/\/flaviagermano.com\/wp-content\/uploads\/2021\/05\/counseling_01-150x150.jpg 150w, https:\/\/flaviagermano.com\/wp-content\/uploads\/2021\/05\/counseling_01-768x768.jpg 768w\" sizes=\"(max-width: 800px) 100vw, 800px\" \/>\t\t\t\t\t\t\t\t\t\t\t\t\t\t\t<\/div>\n\t\t\t\t<\/div>\n\t\t\t\t\t<\/div>\n\t\t<\/div>\n\t\t\t\t\t<\/div>\n\t\t<\/section>\n\t\t\t\t<section class=\"elementor-section elementor-inner-section elementor-element elementor-element-cd607a6 elementor-section-boxed elementor-section-height-default elementor-section-height-default\" data-id=\"cd607a6\" data-element_type=\"section\">\n\t\t\t\t\t\t<div class=\"elementor-container elementor-column-gap-default\">\n\t\t\t\t\t<div class=\"elementor-column elementor-col-100 elementor-inner-column elementor-element elementor-element-5f98d90\" data-id=\"5f98d90\" data-element_type=\"column\">\n\t\t\t<div class=\"elementor-widget-wrap elementor-element-populated\">\n\t\t\t\t\t\t<div class=\"elementor-element elementor-element-ac21590 elementor-widget elementor-widget-heading\" data-id=\"ac21590\" data-element_type=\"widget\" data-widget_type=\"heading.default\">\n\t\t\t\t<div class=\"elementor-widget-container\">\n\t\t\t\t\t<h2 class=\"elementor-heading-title elementor-size-default\">Mein Ansatz<\/h2>\t\t\t\t<\/div>\n\t\t\t\t<\/div>\n\t\t\t\t<div class=\"elementor-element elementor-element-76cb558 elementor-widget elementor-widget-heading\" data-id=\"76cb558\" data-element_type=\"widget\" data-widget_type=\"heading.default\">\n\t\t\t\t<div class=\"elementor-widget-container\">\n\t\t\t\t\t<p class=\"elementor-heading-title elementor-size-default\">Einen Raum f\u00fcr einf\u00fchlsames Zuh\u00f6ren und Nachdenken erschaffen,<br>\neine aktive und proaktive Haltung f\u00f6rdern und die Potenzialentwicklung unterst\u00fctzen.<\/p>\t\t\t\t<\/div>\n\t\t\t\t<\/div>\n\t\t\t\t<div class=\"elementor-element elementor-element-2b5bd4f elementor-widget elementor-widget-image\" data-id=\"2b5bd4f\" data-element_type=\"widget\" data-widget_type=\"image.default\">\n\t\t\t\t<div class=\"elementor-widget-container\">\n\t\t\t\t\t\t\t\t\t\t\t\t\t\t\t<img decoding=\"async\" width=\"1024\" height=\"472\" src=\"https:\/\/flaviagermano.com\/wp-content\/uploads\/2021\/03\/counseling-1024x472.jpg\" class=\"attachment-large size-large wp-image-3305\" alt=\"\" srcset=\"https:\/\/flaviagermano.com\/wp-content\/uploads\/2021\/03\/counseling-1024x472.jpg 1024w, https:\/\/flaviagermano.com\/wp-content\/uploads\/2021\/03\/counseling-300x138.jpg 300w, https:\/\/flaviagermano.com\/wp-content\/uploads\/2021\/03\/counseling-768x354.jpg 768w, https:\/\/flaviagermano.com\/wp-content\/uploads\/2021\/03\/counseling.jpg 1280w\" sizes=\"(max-width: 1024px) 100vw, 1024px\" \/>\t\t\t\t\t\t\t\t\t\t\t\t\t\t\t<\/div>\n\t\t\t\t<\/div>\n\t\t\t\t\t<\/div>\n\t\t<\/div>\n\t\t\t\t\t<\/div>\n\t\t<\/section>\n\t\t\t\t<section class=\"elementor-section elementor-inner-section elementor-element elementor-element-aef7416 elementor-section-boxed elementor-section-height-default elementor-section-height-default\" data-id=\"aef7416\" data-element_type=\"section\">\n\t\t\t\t\t\t<div class=\"elementor-container elementor-column-gap-default\">\n\t\t\t\t\t<div class=\"elementor-column elementor-col-100 elementor-inner-column elementor-element elementor-element-581f205\" data-id=\"581f205\" data-element_type=\"column\">\n\t\t\t<div class=\"elementor-widget-wrap elementor-element-populated\">\n\t\t\t\t\t\t<div class=\"elementor-element elementor-element-75e26cc elementor-widget elementor-widget-heading\" data-id=\"75e26cc\" data-element_type=\"widget\" data-widget_type=\"heading.default\">\n\t\t\t\t<div class=\"elementor-widget-container\">\n\t\t\t\t\t<h2 class=\"elementor-heading-title elementor-size-default\">Was kannst du dir von unseren Sitzungen erwarten?<\/h2>\t\t\t\t<\/div>\n\t\t\t\t<\/div>\n\t\t\t\t<div class=\"elementor-element elementor-element-a66d507 elementor-align-left elementor-icon-list--layout-traditional elementor-list-item-link-full_width elementor-widget elementor-widget-icon-list\" data-id=\"a66d507\" data-element_type=\"widget\" data-widget_type=\"icon-list.default\">\n\t\t\t\t<div class=\"elementor-widget-container\">\n\t\t\t\t\t\t\t<ul class=\"elementor-icon-list-items\">\n\t\t\t\t\t\t\t<li class=\"elementor-icon-list-item\">\n\t\t\t\t\t\t\t\t\t\t<span class=\"elementor-icon-list-text\">Ein gr\u00f6\u00dferes Verst\u00e4ndnis und Bewusstsein in dieser neuen Situation gewinnen<\/span>\n\t\t\t\t\t\t\t\t\t<\/li>\n\t\t\t\t\t\t\t\t<li class=\"elementor-icon-list-item\">\n\t\t\t\t\t\t\t\t\t\t<span class=\"elementor-icon-list-text\">Herausforderungen und negative Emotionen erkennen<\/span>\n\t\t\t\t\t\t\t\t\t<\/li>\n\t\t\t\t\t\t\t\t<li class=\"elementor-icon-list-item\">\n\t\t\t\t\t\t\t\t\t\t<span class=\"elementor-icon-list-text\">Lernen, sie zu akzeptieren und mit ihnen umzugehen<\/span>\n\t\t\t\t\t\t\t\t\t<\/li>\n\t\t\t\t\t\t\t\t<li class=\"elementor-icon-list-item\">\n\t\t\t\t\t\t\t\t\t\t<span class=\"elementor-icon-list-text\"> Durch engagiertes Handeln den Weg zu einem ausgeglicheneren Leben zur\u00fcckfinden<\/span>\n\t\t\t\t\t\t\t\t\t<\/li>\n\t\t\t\t\t\t\t\t<li class=\"elementor-icon-list-item\">\n\t\t\t\t\t\t\t\t\t\t<span class=\"elementor-icon-list-text\">Kontinuierliche Hilfe f\u00fcr die Bew\u00e4ltigung von Stresssituationen in Anspruch nehmen und deine Entscheidungsf\u00e4higkeit und deine Selbstst\u00e4ndigkeit st\u00e4rken<\/span>\n\t\t\t\t\t\t\t\t\t<\/li>\n\t\t\t\t\t\t<\/ul>\n\t\t\t\t\t\t<\/div>\n\t\t\t\t<\/div>\n\t\t\t\t\t<\/div>\n\t\t<\/div>\n\t\t\t\t\t<\/div>\n\t\t<\/section>\n\t\t\t\t\t<\/div>\n\t\t<\/div>\n\t\t\t\t\t<\/div>\n\t\t<\/section>\n\t\t\t\t<\/div>\n\t\t","protected":false},"excerpt":{"rendered":"<p>Gemeinsam die Herausforderungen des Lebens meistern BERATUNG Im Laufe unseres Lebens entstehen immer wieder neue Situationen. Einige sind positiv, andere negativ, doch vielmals f\u00fchren sie zu unerw\u00fcnschtem Stress und \u00c4ngsten. Counseling ist ein Prozess, der darauf abzielt, Emotionen und Schwierigkeiten im Zusammenhang mit belastenden Situationen zu bew\u00e4ltigen, um die langfristigen negativen Auswirkungen dieser Ereignisse abzumildern. [&hellip;]<\/p>\n","protected":false},"author":1,"featured_media":0,"parent":3325,"menu_order":0,"comment_status":"closed","ping_status":"closed","template":"elementor_header_footer","meta":{"_seopress_robots_primary_cat":"","_seopress_titles_title":"","_seopress_titles_desc":"","_seopress_robots_index":"","footnotes":""},"class_list":["post-3332","page","type-page","status-publish","hentry"],"blocksy_meta":{"styles_descriptor":{"styles":{"desktop":"","tablet":"","mobile":""},"google_fonts":[],"version":6}},"_links":{"self":[{"href":"https:\/\/flaviagermano.com\/de\/wp-json\/wp\/v2\/pages\/3332","targetHints":{"allow":["GET"]}}],"collection":[{"href":"https:\/\/flaviagermano.com\/de\/wp-json\/wp\/v2\/pages"}],"about":[{"href":"https:\/\/flaviagermano.com\/de\/wp-json\/wp\/v2\/types\/page"}],"author":[{"embeddable":true,"href":"https:\/\/flaviagermano.com\/de\/wp-json\/wp\/v2\/users\/1"}],"replies":[{"embeddable":true,"href":"https:\/\/flaviagermano.com\/de\/wp-json\/wp\/v2\/comments?post=3332"}],"version-history":[{"count":8,"href":"https:\/\/flaviagermano.com\/de\/wp-json\/wp\/v2\/pages\/3332\/revisions"}],"predecessor-version":[{"id":3405,"href":"https:\/\/flaviagermano.com\/de\/wp-json\/wp\/v2\/pages\/3332\/revisions\/3405"}],"up":[{"embeddable":true,"href":"https:\/\/flaviagermano.com\/de\/wp-json\/wp\/v2\/pages\/3325"}],"wp:attachment":[{"href":"https:\/\/flaviagermano.com\/de\/wp-json\/wp\/v2\/media?parent=3332"}],"curies":[{"name":"wp","href":"https:\/\/api.w.org\/{rel}","templated":true}]}}