{"id":3329,"date":"2021-04-07T17:35:00","date_gmt":"2021-04-07T17:35:00","guid":{"rendered":"https:\/\/www.flaviagermano.com\/servizi\/coaching\/"},"modified":"2021-08-20T10:50:07","modified_gmt":"2021-08-20T10:50:07","slug":"life-coaching","status":"publish","type":"page","link":"https:\/\/flaviagermano.com\/de\/dienstleistungen\/life-coaching\/","title":{"rendered":"Life Coaching"},"content":{"rendered":"\t\t<div data-elementor-type=\"wp-page\" data-elementor-id=\"3329\" class=\"elementor elementor-3329 elementor-141\" data-elementor-post-type=\"page\">\n\t\t\t\t\t\t<section class=\"elementor-section elementor-top-section elementor-element elementor-element-72ca4151 elementor-section-full_width ct-section-stretched elementor-section-height-default elementor-section-height-default\" data-id=\"72ca4151\" data-element_type=\"section\" data-settings=\"{&quot;background_background&quot;:&quot;classic&quot;}\">\n\t\t\t\t\t\t\t<div class=\"elementor-background-overlay\"><\/div>\n\t\t\t\t\t\t\t<div class=\"elementor-container elementor-column-gap-no\">\n\t\t\t\t\t<div class=\"elementor-column elementor-col-100 elementor-top-column elementor-element elementor-element-16c11c90\" data-id=\"16c11c90\" data-element_type=\"column\" data-settings=\"{&quot;background_background&quot;:&quot;classic&quot;}\">\n\t\t\t<div class=\"elementor-widget-wrap elementor-element-populated\">\n\t\t\t\t\t\t<section class=\"elementor-section elementor-inner-section elementor-element elementor-element-7af34dfa elementor-section-height-min-height elementor-section-content-middle elementor-section-boxed elementor-section-height-default\" data-id=\"7af34dfa\" data-element_type=\"section\" data-settings=\"{&quot;background_background&quot;:&quot;classic&quot;}\">\n\t\t\t\t\t\t<div class=\"elementor-container elementor-column-gap-no\">\n\t\t\t\t\t<div class=\"elementor-column elementor-col-100 elementor-inner-column elementor-element elementor-element-2a6a4bf4\" data-id=\"2a6a4bf4\" data-element_type=\"column\">\n\t\t\t<div class=\"elementor-widget-wrap\">\n\t\t\t\t\t\t\t<\/div>\n\t\t<\/div>\n\t\t\t\t\t<\/div>\n\t\t<\/section>\n\t\t\t\t<section class=\"elementor-section elementor-inner-section elementor-element elementor-element-6264261a elementor-section-boxed elementor-section-height-default elementor-section-height-default\" data-id=\"6264261a\" data-element_type=\"section\">\n\t\t\t\t\t\t<div class=\"elementor-container elementor-column-gap-default\">\n\t\t\t\t\t<div class=\"elementor-column elementor-col-100 elementor-inner-column elementor-element elementor-element-7f4268e3\" data-id=\"7f4268e3\" data-element_type=\"column\">\n\t\t\t<div class=\"elementor-widget-wrap elementor-element-populated\">\n\t\t\t\t\t\t<div class=\"elementor-element elementor-element-9096c6a elementor-widget elementor-widget-heading\" data-id=\"9096c6a\" data-element_type=\"widget\" data-widget_type=\"heading.default\">\n\t\t\t\t<div class=\"elementor-widget-container\">\n\t\t\t\t\t<h3 class=\"elementor-heading-title elementor-size-default\">Lebe dein Leben: Tr\u00e4um gro\u00df und trau dich!<\/h3>\t\t\t\t<\/div>\n\t\t\t\t<\/div>\n\t\t\t\t<div class=\"elementor-element elementor-element-3a88028 elementor-widget elementor-widget-heading\" data-id=\"3a88028\" data-element_type=\"widget\" data-widget_type=\"heading.default\">\n\t\t\t\t<div class=\"elementor-widget-container\">\n\t\t\t\t\t<h2 class=\"elementor-heading-title elementor-size-default\">LIFE COACHING<\/h2>\t\t\t\t<\/div>\n\t\t\t\t<\/div>\n\t\t\t\t\t<\/div>\n\t\t<\/div>\n\t\t\t\t\t<\/div>\n\t\t<\/section>\n\t\t\t\t<section class=\"elementor-section elementor-inner-section elementor-element elementor-element-efdf0c2 elementor-section-height-min-height elementor-reverse-tablet elementor-reverse-mobile elementor-section-boxed elementor-section-height-default\" data-id=\"efdf0c2\" data-element_type=\"section\">\n\t\t\t\t\t\t<div class=\"elementor-container elementor-column-gap-default\">\n\t\t\t\t\t<div class=\"elementor-column elementor-col-50 elementor-inner-column elementor-element elementor-element-1f87350\" data-id=\"1f87350\" data-element_type=\"column\" data-settings=\"{&quot;background_background&quot;:&quot;classic&quot;}\">\n\t\t\t<div class=\"elementor-widget-wrap elementor-element-populated\">\n\t\t\t\t\t\t<div class=\"elementor-element elementor-element-de3204c elementor-widget elementor-widget-image\" data-id=\"de3204c\" data-element_type=\"widget\" data-widget_type=\"image.default\">\n\t\t\t\t<div class=\"elementor-widget-container\">\n\t\t\t\t\t\t\t\t\t\t\t\t\t\t\t<img fetchpriority=\"high\" decoding=\"async\" width=\"800\" height=\"800\" src=\"https:\/\/flaviagermano.com\/wp-content\/uploads\/2021\/05\/coaching_02.jpg\" class=\"attachment-large size-large wp-image-1130\" alt=\"\" srcset=\"https:\/\/flaviagermano.com\/wp-content\/uploads\/2021\/05\/coaching_02.jpg 800w, https:\/\/flaviagermano.com\/wp-content\/uploads\/2021\/05\/coaching_02-300x300.jpg 300w, https:\/\/flaviagermano.com\/wp-content\/uploads\/2021\/05\/coaching_02-150x150.jpg 150w, https:\/\/flaviagermano.com\/wp-content\/uploads\/2021\/05\/coaching_02-768x768.jpg 768w\" sizes=\"(max-width: 800px) 100vw, 800px\" \/>\t\t\t\t\t\t\t\t\t\t\t\t\t\t\t<\/div>\n\t\t\t\t<\/div>\n\t\t\t\t\t<\/div>\n\t\t<\/div>\n\t\t\t\t<div class=\"elementor-column elementor-col-50 elementor-inner-column elementor-element elementor-element-536e9fa\" data-id=\"536e9fa\" data-element_type=\"column\">\n\t\t\t<div class=\"elementor-widget-wrap elementor-element-populated\">\n\t\t\t\t\t\t<div class=\"elementor-element elementor-element-77fd017 elementor-widget-mobile__width-inherit elementor-widget elementor-widget-text-editor\" data-id=\"77fd017\" data-element_type=\"widget\" data-widget_type=\"text-editor.default\">\n\t\t\t\t<div class=\"elementor-widget-container\">\n\t\t\t\t\t\t\t\t\tWir alle haben die F\u00e4higkeit, gro\u00df zu tr\u00e4umen, doch oftmals scheitern wir an der Verwirklichung unserer Tr\u00e4ume. Die Frage ist: Warum? H\u00e4ufig liegt es an einem Mangel an Unterst\u00fctzung und Struktur, die dir beim Erkennen und Verstehen deiner Vision f\u00fcr die Zukunft helfen k\u00f6nnten. Life Coaching unterst\u00fctzt dich beim Freisetzen deines Potenzials, indem du das Bewusstsein daf\u00fcr erlangst, was f\u00fcr dich von Bedeutung ist, und indem du den richtigen Weg einschl\u00e4gst, um dieses Ziel zu erreichen.\t\t\t\t\t\t\t\t<\/div>\n\t\t\t\t<\/div>\n\t\t\t\t\t<\/div>\n\t\t<\/div>\n\t\t\t\t\t<\/div>\n\t\t<\/section>\n\t\t\t\t\t<\/div>\n\t\t<\/div>\n\t\t\t\t\t<\/div>\n\t\t<\/section>\n\t\t\t\t<section class=\"elementor-section elementor-top-section elementor-element elementor-element-dee12e8 elementor-section-content-middle elementor-section-boxed elementor-section-height-default elementor-section-height-default\" data-id=\"dee12e8\" data-element_type=\"section\">\n\t\t\t\t\t\t<div class=\"elementor-container elementor-column-gap-no\">\n\t\t\t\t\t<div class=\"elementor-column elementor-col-100 elementor-top-column elementor-element elementor-element-7f4c5ee\" data-id=\"7f4c5ee\" data-element_type=\"column\">\n\t\t\t<div class=\"elementor-widget-wrap elementor-element-populated\">\n\t\t\t\t\t\t<section class=\"elementor-section elementor-inner-section elementor-element elementor-element-9510eef elementor-section-boxed elementor-section-height-default elementor-section-height-default\" data-id=\"9510eef\" data-element_type=\"section\">\n\t\t\t\t\t\t<div class=\"elementor-container elementor-column-gap-default\">\n\t\t\t\t\t<div class=\"elementor-column elementor-col-100 elementor-inner-column elementor-element elementor-element-c4d41b3\" data-id=\"c4d41b3\" data-element_type=\"column\">\n\t\t\t<div class=\"elementor-widget-wrap elementor-element-populated\">\n\t\t\t\t\t\t<div class=\"elementor-element elementor-element-97bf16d elementor-widget elementor-widget-heading\" data-id=\"97bf16d\" data-element_type=\"widget\" data-widget_type=\"heading.default\">\n\t\t\t\t<div class=\"elementor-widget-container\">\n\t\t\t\t\t<h2 class=\"elementor-heading-title elementor-size-default\">F\u00fcr wen ist Life Coaching geeignet?<\/h2>\t\t\t\t<\/div>\n\t\t\t\t<\/div>\n\t\t\t\t<div class=\"elementor-element elementor-element-5927b08 elementor-widget elementor-widget-text-editor\" data-id=\"5927b08\" data-element_type=\"widget\" data-widget_type=\"text-editor.default\">\n\t\t\t\t<div class=\"elementor-widget-container\">\n\t\t\t\t\t\t\t\t\tGrunds\u00e4tzlich f\u00fcr jeden. Denn alle Menschen, egal ob jung oder alt, streben danach, ihre Tr\u00e4ume und Ziele zu verwirklichen. In gemeinsamer Arbeit werden wir deine Werte und Vorlieben herausfinden, alle Hindernisse aufdecken, die dir im Weg stehen, und einen Plan erstellen, wie du sie angehen und \u00fcberwinden und der Verwirklichung deiner Vision n\u00e4her kommen kannst.\t\t\t\t\t\t\t\t<\/div>\n\t\t\t\t<\/div>\n\t\t\t\t\t<\/div>\n\t\t<\/div>\n\t\t\t\t\t<\/div>\n\t\t<\/section>\n\t\t\t\t<section class=\"elementor-section elementor-inner-section elementor-element elementor-element-5ce2551 elementor-section-boxed elementor-section-height-default elementor-section-height-default\" data-id=\"5ce2551\" data-element_type=\"section\">\n\t\t\t\t\t\t<div class=\"elementor-container elementor-column-gap-default\">\n\t\t\t\t\t<div class=\"elementor-column elementor-col-100 elementor-inner-column elementor-element elementor-element-662de9a\" data-id=\"662de9a\" data-element_type=\"column\">\n\t\t\t<div class=\"elementor-widget-wrap elementor-element-populated\">\n\t\t\t\t\t\t<div class=\"elementor-element elementor-element-b00fb31 elementor-widget elementor-widget-heading\" data-id=\"b00fb31\" data-element_type=\"widget\" data-widget_type=\"heading.default\">\n\t\t\t\t<div class=\"elementor-widget-container\">\n\t\t\t\t\t<h2 class=\"elementor-heading-title elementor-size-default\">Was kannst du dir von unseren Sitzungen erwarten?<\/h2>\t\t\t\t<\/div>\n\t\t\t\t<\/div>\n\t\t\t\t\t<\/div>\n\t\t<\/div>\n\t\t\t\t\t<\/div>\n\t\t<\/section>\n\t\t\t\t<section class=\"elementor-section elementor-inner-section elementor-element elementor-element-d0105ce elementor-section-height-min-height elementor-reverse-mobile elementor-section-boxed elementor-section-height-default\" data-id=\"d0105ce\" data-element_type=\"section\">\n\t\t\t\t\t\t<div class=\"elementor-container elementor-column-gap-default\">\n\t\t\t\t\t<div class=\"elementor-column elementor-col-50 elementor-inner-column elementor-element elementor-element-5d3a72f\" data-id=\"5d3a72f\" data-element_type=\"column\" data-settings=\"{&quot;background_background&quot;:&quot;classic&quot;}\">\n\t\t\t<div class=\"elementor-widget-wrap elementor-element-populated\">\n\t\t\t\t\t\t<div class=\"elementor-element elementor-element-780c2b5 elementor-widget__width-initial elementor-widget elementor-widget-text-editor\" data-id=\"780c2b5\" data-element_type=\"widget\" data-widget_type=\"text-editor.default\">\n\t\t\t\t<div class=\"elementor-widget-container\">\n\t\t\t\t\t\t\t\t\tErlangen eines tieferen Verst\u00e4ndnisses deiner Werte und von Bewusstsein daf\u00fcr, was f\u00fcr dich von Bedeutung ist\nErkennen der inneren und \u00e4u\u00dferen Hindernisse auf deinem Weg zur Selbstverwirklichung \nFestlegung der kurz-, mittel- und langfristigen Ziele, die du in deinem Leben umsetzen willst\nAusarbeiten eines Plans, um deinen Tagesablauf auf das Erreichen dieser Ziele auszurichten\nPers\u00f6nliches Wachstum in einer Umgebung kontinuierlicher Unterst\u00fctzung und Motivation\t\t\t\t\t\t\t\t<\/div>\n\t\t\t\t<\/div>\n\t\t\t\t\t<\/div>\n\t\t<\/div>\n\t\t\t\t<div class=\"elementor-column elementor-col-50 elementor-inner-column elementor-element elementor-element-5394944\" data-id=\"5394944\" data-element_type=\"column\">\n\t\t\t<div class=\"elementor-widget-wrap elementor-element-populated\">\n\t\t\t\t\t\t<div class=\"elementor-element elementor-element-39a7e9a elementor-widget elementor-widget-image\" data-id=\"39a7e9a\" data-element_type=\"widget\" data-widget_type=\"image.default\">\n\t\t\t\t<div class=\"elementor-widget-container\">\n\t\t\t\t\t\t\t\t\t\t\t\t\t\t\t<img decoding=\"async\" width=\"300\" height=\"300\" src=\"https:\/\/flaviagermano.com\/wp-content\/uploads\/2021\/05\/coaching_01-300x300.jpg\" class=\"attachment-medium size-medium wp-image-1127\" alt=\"\" srcset=\"https:\/\/flaviagermano.com\/wp-content\/uploads\/2021\/05\/coaching_01-300x300.jpg 300w, https:\/\/flaviagermano.com\/wp-content\/uploads\/2021\/05\/coaching_01-150x150.jpg 150w, https:\/\/flaviagermano.com\/wp-content\/uploads\/2021\/05\/coaching_01-768x768.jpg 768w, https:\/\/flaviagermano.com\/wp-content\/uploads\/2021\/05\/coaching_01.jpg 800w\" sizes=\"(max-width: 300px) 100vw, 300px\" \/>\t\t\t\t\t\t\t\t\t\t\t\t\t\t\t<\/div>\n\t\t\t\t<\/div>\n\t\t\t\t\t<\/div>\n\t\t<\/div>\n\t\t\t\t\t<\/div>\n\t\t<\/section>\n\t\t\t\t\t<\/div>\n\t\t<\/div>\n\t\t\t\t\t<\/div>\n\t\t<\/section>\n\t\t\t\t<\/div>\n\t\t","protected":false},"excerpt":{"rendered":"<p>Lebe dein Leben: Tr\u00e4um gro\u00df und trau dich! LIFE COACHING Wir alle haben die F\u00e4higkeit, gro\u00df zu tr\u00e4umen, doch oftmals scheitern wir an der Verwirklichung unserer Tr\u00e4ume. Die Frage ist: Warum? H\u00e4ufig liegt es an einem Mangel an Unterst\u00fctzung und Struktur, die dir beim Erkennen und Verstehen deiner Vision f\u00fcr die Zukunft helfen k\u00f6nnten. Life [&hellip;]<\/p>\n","protected":false},"author":1,"featured_media":0,"parent":3325,"menu_order":0,"comment_status":"closed","ping_status":"closed","template":"elementor_header_footer","meta":{"_seopress_robots_primary_cat":"","_seopress_titles_title":"","_seopress_titles_desc":"","_seopress_robots_index":"","footnotes":""},"class_list":["post-3329","page","type-page","status-publish","hentry"],"blocksy_meta":{"styles_descriptor":{"styles":{"desktop":"","tablet":"","mobile":""},"google_fonts":[],"version":6}},"_links":{"self":[{"href":"https:\/\/flaviagermano.com\/de\/wp-json\/wp\/v2\/pages\/3329","targetHints":{"allow":["GET"]}}],"collection":[{"href":"https:\/\/flaviagermano.com\/de\/wp-json\/wp\/v2\/pages"}],"about":[{"href":"https:\/\/flaviagermano.com\/de\/wp-json\/wp\/v2\/types\/page"}],"author":[{"embeddable":true,"href":"https:\/\/flaviagermano.com\/de\/wp-json\/wp\/v2\/users\/1"}],"replies":[{"embeddable":true,"href":"https:\/\/flaviagermano.com\/de\/wp-json\/wp\/v2\/comments?post=3329"}],"version-history":[{"count":10,"href":"https:\/\/flaviagermano.com\/de\/wp-json\/wp\/v2\/pages\/3329\/revisions"}],"predecessor-version":[{"id":3628,"href":"https:\/\/flaviagermano.com\/de\/wp-json\/wp\/v2\/pages\/3329\/revisions\/3628"}],"up":[{"embeddable":true,"href":"https:\/\/flaviagermano.com\/de\/wp-json\/wp\/v2\/pages\/3325"}],"wp:attachment":[{"href":"https:\/\/flaviagermano.com\/de\/wp-json\/wp\/v2\/media?parent=3329"}],"curies":[{"name":"wp","href":"https:\/\/api.w.org\/{rel}","templated":true}]}}