{"id":3292,"date":"2021-04-07T16:38:38","date_gmt":"2021-04-07T16:38:38","guid":{"rendered":"https:\/\/www.flaviagermano.com\/chi-sono\/"},"modified":"2021-08-27T17:38:24","modified_gmt":"2021-08-27T17:38:24","slug":"ueber-mich","status":"publish","type":"page","link":"https:\/\/flaviagermano.com\/de\/ueber-mich\/","title":{"rendered":"\u00dcber Mich"},"content":{"rendered":"\t\t<div data-elementor-type=\"wp-page\" data-elementor-id=\"3292\" class=\"elementor elementor-3292 elementor-110\" data-elementor-post-type=\"page\">\n\t\t\t\t\t\t<section class=\"elementor-section elementor-top-section elementor-element elementor-element-5f16a111 elementor-section-full_width ct-section-stretched elementor-section-height-default elementor-section-height-default\" data-id=\"5f16a111\" data-element_type=\"section\" data-settings=\"{&quot;background_background&quot;:&quot;classic&quot;}\">\n\t\t\t\t\t\t<div class=\"elementor-container elementor-column-gap-no\">\n\t\t\t\t\t<div class=\"elementor-column elementor-col-100 elementor-top-column elementor-element elementor-element-42750fe6\" data-id=\"42750fe6\" data-element_type=\"column\" data-settings=\"{&quot;background_background&quot;:&quot;slideshow&quot;,&quot;background_slideshow_gallery&quot;:[],&quot;background_slideshow_loop&quot;:&quot;yes&quot;,&quot;background_slideshow_slide_duration&quot;:5000,&quot;background_slideshow_slide_transition&quot;:&quot;fade&quot;,&quot;background_slideshow_transition_duration&quot;:500}\">\n\t\t\t<div class=\"elementor-widget-wrap elementor-element-populated\">\n\t\t\t\t\t\t<section class=\"elementor-section elementor-inner-section elementor-element elementor-element-3325b6db elementor-section-height-min-height elementor-section-content-middle elementor-section-boxed elementor-section-height-default\" data-id=\"3325b6db\" data-element_type=\"section\" data-settings=\"{&quot;background_background&quot;:&quot;classic&quot;}\">\n\t\t\t\t\t\t\t<div class=\"elementor-background-overlay\"><\/div>\n\t\t\t\t\t\t\t<div class=\"elementor-container elementor-column-gap-no\">\n\t\t\t\t\t<div class=\"elementor-column elementor-col-100 elementor-inner-column elementor-element elementor-element-63496cc3\" data-id=\"63496cc3\" data-element_type=\"column\">\n\t\t\t<div class=\"elementor-widget-wrap\">\n\t\t\t\t\t\t\t<\/div>\n\t\t<\/div>\n\t\t\t\t\t<\/div>\n\t\t<\/section>\n\t\t\t\t\t<\/div>\n\t\t<\/div>\n\t\t\t\t\t<\/div>\n\t\t<\/section>\n\t\t\t\t<section class=\"elementor-section elementor-top-section elementor-element elementor-element-7cd518c ct-section-stretched elementor-section-full_width elementor-section-height-default elementor-section-height-default\" data-id=\"7cd518c\" data-element_type=\"section\" data-settings=\"{&quot;background_background&quot;:&quot;slideshow&quot;,&quot;background_slideshow_gallery&quot;:[],&quot;background_slideshow_loop&quot;:&quot;yes&quot;,&quot;background_slideshow_slide_duration&quot;:5000,&quot;background_slideshow_slide_transition&quot;:&quot;fade&quot;,&quot;background_slideshow_transition_duration&quot;:500}\">\n\t\t\t\t\t\t<div class=\"elementor-container elementor-column-gap-no\">\n\t\t\t\t\t<div class=\"elementor-column elementor-col-100 elementor-top-column elementor-element elementor-element-3a39991\" data-id=\"3a39991\" data-element_type=\"column\">\n\t\t\t<div class=\"elementor-widget-wrap elementor-element-populated\">\n\t\t\t\t\t\t<section class=\"elementor-section elementor-inner-section elementor-element elementor-element-355d8c7f elementor-section-boxed elementor-section-height-default elementor-section-height-default\" data-id=\"355d8c7f\" data-element_type=\"section\">\n\t\t\t\t\t\t<div class=\"elementor-container elementor-column-gap-default\">\n\t\t\t\t\t<div class=\"elementor-column elementor-col-100 elementor-inner-column elementor-element elementor-element-1f65016d\" data-id=\"1f65016d\" data-element_type=\"column\">\n\t\t\t<div class=\"elementor-widget-wrap elementor-element-populated\">\n\t\t\t\t\t\t<div class=\"elementor-element elementor-element-b67b77a elementor-position-left elementor-vertical-align-top elementor-widget elementor-widget-image-box\" data-id=\"b67b77a\" data-element_type=\"widget\" data-widget_type=\"image-box.default\">\n\t\t\t\t<div class=\"elementor-widget-container\">\n\t\t\t\t\t<div class=\"elementor-image-box-wrapper\"><figure class=\"elementor-image-box-img\"><img fetchpriority=\"high\" decoding=\"async\" width=\"640\" height=\"640\" src=\"https:\/\/flaviagermano.com\/wp-content\/uploads\/2021\/05\/aboutme.jpg\" class=\"attachment-full size-full wp-image-1005\" alt=\"\" srcset=\"https:\/\/flaviagermano.com\/wp-content\/uploads\/2021\/05\/aboutme.jpg 640w, https:\/\/flaviagermano.com\/wp-content\/uploads\/2021\/05\/aboutme-300x300.jpg 300w, https:\/\/flaviagermano.com\/wp-content\/uploads\/2021\/05\/aboutme-150x150.jpg 150w\" sizes=\"(max-width: 640px) 100vw, 640px\" \/><\/figure><div class=\"elementor-image-box-content\"><h3 class=\"elementor-image-box-title\">\u00dcBER MICH<\/h3><p class=\"elementor-image-box-description\">Seit mehr als 20 Jahren biete ich private Einzel-, Paar- und Familienberatung auf Italienisch, Englisch und Deutsch an. Ich war als Lehrbeauftrage in postgradualen Studieng\u00e4ngen f\u00fcr Psychotherapie sowie in Masterstudieng\u00e4ngen f\u00fcr Beratung und Coaching t\u00e4tig. Durch meine Arbeit in verschiedenen Gruppenumgebungen als Supervisorin von Sozialarbeitern und professionellen P\u00e4dagogen in psychiatrischen Einrichtungen, als Trainerin und Coach bei internationalen Unternehmen wie Nokia, Mercedes Benz und Johnson &amp; Johnson und als Leiterin von Psychotherapie- und Beratungsgruppen habe ich ein tiefes Verst\u00e4ndnis daf\u00fcr entwickelt, wie kraftvoll Gruppenumgebungen sein k\u00f6nnen, um Entwicklung und Wachstum zu beschleunigen. Dar\u00fcber hinaus habe ich mit Jugendlichen gearbeitet, psychodiagnostische Beurteilungen von Kleinkindern erstellt und ferner Gruppentherapien mit Kindern und ihren Eltern, Beratungen minderj\u00e4hriger Einwanderer und Fl\u00fcchtlinge sowie Studentenberatung an der High School und der Universit\u00e4t durchgef\u00fchrt. <\/p><\/div><\/div>\t\t\t\t<\/div>\n\t\t\t\t<\/div>\n\t\t\t\t<div class=\"elementor-element elementor-element-0b7ec16 elementor-widget elementor-widget-heading\" data-id=\"0b7ec16\" data-element_type=\"widget\" data-widget_type=\"heading.default\">\n\t\t\t\t<div class=\"elementor-widget-container\">\n\t\t\t\t\t<h2 class=\"elementor-heading-title elementor-size-default\">\u00dcber Mich<\/h2>\t\t\t\t<\/div>\n\t\t\t\t<\/div>\n\t\t\t\t<div class=\"elementor-element elementor-element-7ad883f elementor-widget elementor-widget-text-editor\" data-id=\"7ad883f\" data-element_type=\"widget\" data-widget_type=\"text-editor.default\">\n\t\t\t\t<div class=\"elementor-widget-container\">\n\t\t\t\t\t\t\t\t\t<p>Flie\u00dfende Deutsch-, Englisch- und Italienischkenntnisse <br \/>20+ Jahre Hilfe und Unterst\u00fctzung von Klienten bei der Verbesserung ihres Lebens<br \/>Kompetenz in Einzel-, Paar-, Familien- und Gruppenberatungen<br \/>Arbeit mit Erwachsenen, Heranwachsenden und Kindern<br \/>Ver\u00f6ffentlichte Autorin<br \/>Langzeitaufenthalte in Europa, Nordamerika und Afrika<br \/>Meeresschwimmerin, eingerostete klassische Geigerin, angehende zeitgen\u00f6ssische T\u00e4nzerin<\/p>\t\t\t\t\t\t\t\t<\/div>\n\t\t\t\t<\/div>\n\t\t\t\t<div class=\"elementor-element elementor-element-9b32689 elementor-widget elementor-widget-heading\" data-id=\"9b32689\" data-element_type=\"widget\" data-widget_type=\"heading.default\">\n\t\t\t\t<div class=\"elementor-widget-container\">\n\t\t\t\t\t<h2 class=\"elementor-heading-title elementor-size-default\">Ausbildung<\/h2>\t\t\t\t<\/div>\n\t\t\t\t<\/div>\n\t\t\t\t<div class=\"elementor-element elementor-element-b9a2ecb elementor-widget elementor-widget-text-editor\" data-id=\"b9a2ecb\" data-element_type=\"widget\" data-widget_type=\"text-editor.default\">\n\t\t\t\t<div class=\"elementor-widget-container\">\n\t\t\t\t\t\t\t\t\t<p>Master-Abschluss in Klinischer Psychologie und Gemeindepsychologie in Rom<br \/>Post Grad an der Harvard Medical School<br \/>4 Jahre Spezialisierung in Integrierter Humanistischer Psychotherapie und Gemeindepsychologie<br \/>Master in P\u00e4diatrische Psychologie<\/p>\t\t\t\t\t\t\t\t<\/div>\n\t\t\t\t<\/div>\n\t\t\t\t<div class=\"elementor-element elementor-element-a0cd5e7 elementor-widget elementor-widget-heading\" data-id=\"a0cd5e7\" data-element_type=\"widget\" data-widget_type=\"heading.default\">\n\t\t\t\t<div class=\"elementor-widget-container\">\n\t\t\t\t\t<h1 class=\"elementor-heading-title elementor-size-default\">Ver\u00f6ffentlichte B\u00fccher<\/h1>\t\t\t\t<\/div>\n\t\t\t\t<\/div>\n\t\t\t\t<div class=\"elementor-element elementor-element-88356f2 elementor-icon-list--layout-traditional elementor-list-item-link-full_width elementor-widget elementor-widget-icon-list\" data-id=\"88356f2\" data-element_type=\"widget\" data-widget_type=\"icon-list.default\">\n\t\t\t\t<div class=\"elementor-widget-container\">\n\t\t\t\t\t\t\t<ul class=\"elementor-icon-list-items\">\n\t\t\t\t\t\t\t<li class=\"elementor-icon-list-item\">\n\t\t\t\t\t\t\t\t\t\t\t<span class=\"elementor-icon-list-icon\">\n\t\t\t\t\t\t\t<i aria-hidden=\"true\" class=\"fas fa-book\"><\/i>\t\t\t\t\t\t<\/span>\n\t\t\t\t\t\t\t\t\t\t<span class=\"elementor-icon-list-text\">Anagnostopoulos K., Germano F., Tumiati C. (2008), <i>L\u2019approccio multiculturale<\/i>, Sovera, Rom.<br>&nbsp;&nbsp;&nbsp;&nbsp;&nbsp;&nbsp;&nbsp;&nbsp;&nbsp;&nbsp;&nbsp;&nbsp;&nbsp;&nbsp;&nbsp;&nbsp;&nbsp;&nbsp;Multikultureller Ansatz in Psychotherapie, Beratung und Coaching<\/span>\n\t\t\t\t\t\t\t\t\t<\/li>\n\t\t\t\t\t\t\t\t<li class=\"elementor-icon-list-item\">\n\t\t\t\t\t\t\t\t\t\t\t<span class=\"elementor-icon-list-icon\">\n\t\t\t\t\t\t\t<i aria-hidden=\"true\" class=\"fas fa-book\"><\/i>\t\t\t\t\t\t<\/span>\n\t\t\t\t\t\t\t\t\t\t<span class=\"elementor-icon-list-text\">Giusti E., Germano F. (2006), <i>Psicoterapeuti generalisti<\/i>, Sovera, Rom.<br>&nbsp;&nbsp;&nbsp;&nbsp;&nbsp;&nbsp;&nbsp;&nbsp;&nbsp;&nbsp;&nbsp;&nbsp;&nbsp;&nbsp;&nbsp;&nbsp;&nbsp;&nbsp;Kernkompetenzen in der Psychotherapie<\/span>\n\t\t\t\t\t\t\t\t\t<\/li>\n\t\t\t\t\t\t\t\t<li class=\"elementor-icon-list-item\">\n\t\t\t\t\t\t\t\t\t\t\t<span class=\"elementor-icon-list-icon\">\n\t\t\t\t\t\t\t<i aria-hidden=\"true\" class=\"fas fa-book\"><\/i>\t\t\t\t\t\t<\/span>\n\t\t\t\t\t\t\t\t\t\t<span class=\"elementor-icon-list-text\">Spalletta E., Germano F. (2020), <i>Microcounseling e Microcoaching<\/i>, Sovera, Rom.<br> &nbsp;&nbsp;&nbsp;&nbsp;&nbsp;&nbsp;&nbsp;&nbsp;&nbsp;&nbsp;&nbsp;&nbsp;&nbsp;&nbsp;&nbsp;&nbsp;&nbsp;&nbsp;Beratungs- und Coachingf\u00e4higkeiten<\/span>\n\t\t\t\t\t\t\t\t\t<\/li>\n\t\t\t\t\t\t\t\t<li class=\"elementor-icon-list-item\">\n\t\t\t\t\t\t\t\t\t\t\t<span class=\"elementor-icon-list-icon\">\n\t\t\t\t\t\t\t<i aria-hidden=\"true\" class=\"fas fa-book\"><\/i>\t\t\t\t\t\t<\/span>\n\t\t\t\t\t\t\t\t\t\t<span class=\"elementor-icon-list-text\">Germano F. (2015), <i>Medito quindi sono<\/i>, Sovera, Rome.<br>&nbsp;&nbsp;&nbsp;&nbsp;&nbsp;&nbsp;&nbsp;&nbsp;&nbsp;&nbsp;&nbsp;&nbsp;&nbsp;&nbsp;&nbsp;&nbsp;&nbsp;&nbsp;Achtsamkeit und Meditation \u2013 Ratgeber zur Selbsthilfe<\/span>\n\t\t\t\t\t\t\t\t\t<\/li>\n\t\t\t\t\t\t<\/ul>\n\t\t\t\t\t\t<\/div>\n\t\t\t\t<\/div>\n\t\t\t\t<div class=\"elementor-element elementor-element-fa7ddeb elementor-align-center elementor-widget elementor-widget-button\" data-id=\"fa7ddeb\" data-element_type=\"widget\" data-widget_type=\"button.default\">\n\t\t\t\t<div class=\"elementor-widget-container\">\n\t\t\t\t\t\t\t\t\t<div class=\"elementor-button-wrapper\">\n\t\t\t\t\t<a class=\"elementor-button elementor-button-link elementor-size-sm\" href=\"https:\/\/flaviagermano.com\/de\/veroeffentlichte-buecher-autorin\/\">\n\t\t\t\t\t\t<span class=\"elementor-button-content-wrapper\">\n\t\t\t\t\t\t\t\t\t<span class=\"elementor-button-text\">Weiter...<\/span>\n\t\t\t\t\t<\/span>\n\t\t\t\t\t<\/a>\n\t\t\t\t<\/div>\n\t\t\t\t\t\t\t\t<\/div>\n\t\t\t\t<\/div>\n\t\t\t\t\t<\/div>\n\t\t<\/div>\n\t\t\t\t\t<\/div>\n\t\t<\/section>\n\t\t\t\t\t<\/div>\n\t\t<\/div>\n\t\t\t\t\t<\/div>\n\t\t<\/section>\n\t\t\t\t<\/div>\n\t\t","protected":false},"excerpt":{"rendered":"<p>\u00dcBER MICH Seit mehr als 20 Jahren biete ich private Einzel-, Paar- und Familienberatung auf Italienisch, Englisch und Deutsch an. Ich war als Lehrbeauftrage in postgradualen Studieng\u00e4ngen f\u00fcr Psychotherapie sowie in Masterstudieng\u00e4ngen f\u00fcr Beratung und Coaching t\u00e4tig. Durch meine Arbeit in verschiedenen Gruppenumgebungen als Supervisorin von Sozialarbeitern und professionellen P\u00e4dagogen in psychiatrischen Einrichtungen, als Trainerin [&hellip;]<\/p>\n","protected":false},"author":1,"featured_media":0,"parent":0,"menu_order":0,"comment_status":"closed","ping_status":"closed","template":"elementor_header_footer","meta":{"_seopress_robots_primary_cat":"","_seopress_titles_title":"","_seopress_titles_desc":"","_seopress_robots_index":"","footnotes":""},"class_list":["post-3292","page","type-page","status-publish","hentry"],"blocksy_meta":{"styles_descriptor":{"styles":{"desktop":"","tablet":"","mobile":""},"google_fonts":[],"version":6}},"_links":{"self":[{"href":"https:\/\/flaviagermano.com\/de\/wp-json\/wp\/v2\/pages\/3292","targetHints":{"allow":["GET"]}}],"collection":[{"href":"https:\/\/flaviagermano.com\/de\/wp-json\/wp\/v2\/pages"}],"about":[{"href":"https:\/\/flaviagermano.com\/de\/wp-json\/wp\/v2\/types\/page"}],"author":[{"embeddable":true,"href":"https:\/\/flaviagermano.com\/de\/wp-json\/wp\/v2\/users\/1"}],"replies":[{"embeddable":true,"href":"https:\/\/flaviagermano.com\/de\/wp-json\/wp\/v2\/comments?post=3292"}],"version-history":[{"count":10,"href":"https:\/\/flaviagermano.com\/de\/wp-json\/wp\/v2\/pages\/3292\/revisions"}],"predecessor-version":[{"id":3715,"href":"https:\/\/flaviagermano.com\/de\/wp-json\/wp\/v2\/pages\/3292\/revisions\/3715"}],"wp:attachment":[{"href":"https:\/\/flaviagermano.com\/de\/wp-json\/wp\/v2\/media?parent=3292"}],"curies":[{"name":"wp","href":"https:\/\/api.w.org\/{rel}","templated":true}]}}